{"id":10,"date":"2023-07-21T21:02:14","date_gmt":"2023-07-21T18:02:14","guid":{"rendered":"http:\/\/salpkids.com\/?page_id=10"},"modified":"2023-07-21T21:02:14","modified_gmt":"2023-07-21T18:02:14","slug":"cart","status":"publish","type":"page","link":"https:\/\/salpkids.com\/?page_id=10","title":{"rendered":"Cart"},"content":{"rendered":"<div class=\"woocommerce\"><div class=\"woocommerce-notices-wrapper\"><\/div>\n<form class=\"woocommerce-cart-form\" action=\"https:\/\/salpkids.com\/?page_id=10\" method=\"post\">\n\t\n\t<table class=\"shop_table shop_table_responsive cart woocommerce-cart-form__contents\" cellspacing=\"0\">\n\t\t<thead>\n\t\t\t<tr>\n\t\t\t\t<th class=\"product-remove\"><span class=\"screen-reader-text\">\u00dcr\u00fcn\u00fc \u00e7\u0131kar<\/span><\/th>\n\t\t\t\t<th class=\"product-thumbnail\"><span class=\"screen-reader-text\">K\u00fc\u00e7\u00fck resim<\/span><\/th>\n\t\t\t\t<th class=\"product-name\">\u00dcr\u00fcn<\/th>\n\t\t\t\t<th class=\"product-price\">Fiyat<\/th>\n\t\t\t\t<th class=\"product-quantity\">Miktar<\/th>\n\t\t\t\t<th class=\"product-subtotal\">Ara Toplam<\/th>\n\t\t\t<\/tr>\n\t\t<\/thead>\n\t\t<tbody>\n\t\t\t\n\t\t\t\t\t\t\t\t<tr class=\"woocommerce-cart-form__cart-item cart_item\">\n\n\t\t\t\t\t\t<td class=\"product-remove\">\n\t\t\t\t\t\t\t<a href=\"https:\/\/salpkids.com\/?page_id=10&#038;remove_item=df27d2e23bf500eb010b2bc1a59b56d1&#038;_wpnonce=c224b66da6\" class=\"remove\" aria-label=\"4 B\u00f6lmeli Ah\u015fap Sunumluk \/ \u00c7erezlik \u00fcr\u00fcn\u00fcn\u00fc sepetten \u00e7\u0131kar\" data-product_id=\"7620\" data-product_sku=\"\">&times;<\/a>\t\t\t\t\t\t<\/td>\n\n\t\t\t\t\t\t<td class=\"product-thumbnail\">\n\t\t\t\t\t\t<a href=\"https:\/\/salpkids.com\/?product=4-bolmeli-ahsap-sunumluk-cerezlik\"><img width=\"300\" height=\"300\" src=\"https:\/\/salpkids.com\/wp-content\/uploads\/2024\/02\/b6c1ce70-2f06-4b6d-90ec-64b478d5453c-300x300.jpeg\" class=\"attachment-woocommerce_thumbnail size-woocommerce_thumbnail\" alt=\"\" decoding=\"async\" loading=\"lazy\" srcset=\"https:\/\/salpkids.com\/wp-content\/uploads\/2024\/02\/b6c1ce70-2f06-4b6d-90ec-64b478d5453c-300x300.jpeg 300w, https:\/\/salpkids.com\/wp-content\/uploads\/2024\/02\/b6c1ce70-2f06-4b6d-90ec-64b478d5453c-150x150.jpeg 150w, https:\/\/salpkids.com\/wp-content\/uploads\/2024\/02\/b6c1ce70-2f06-4b6d-90ec-64b478d5453c-100x100.jpeg 100w\" sizes=\"(max-width: 300px) 100vw, 300px\" \/><\/a>\t\t\t\t\t\t<\/td>\n\n\t\t\t\t\t\t<td class=\"product-name\" data-title=\"\u00dcr\u00fcn\">\n\t\t\t\t\t\t<a href=\"https:\/\/salpkids.com\/?product=4-bolmeli-ahsap-sunumluk-cerezlik\">4 B\u00f6lmeli Ah\u015fap Sunumluk \/ \u00c7erezlik<\/a>\t\t\t\t\t\t<\/td>\n\n\t\t\t\t\t\t<td class=\"product-price\" data-title=\"Fiyat\">\n\t\t\t\t\t\t\t<span class=\"woocommerce-Price-amount amount\"><bdi>350.00<span class=\"woocommerce-Price-currencySymbol\">&#8378;<\/span><\/bdi><\/span>\t\t\t\t\t\t<\/td>\n\n\t\t\t\t\t\t<td class=\"product-quantity\" data-title=\"Miktar\">\n\t\t\t\t\t\t<div class=\"quantity\">\n\t\t<label class=\"screen-reader-text\" for=\"quantity_69e011e6ac0bc\">4 B\u00f6lmeli Ah\u015fap Sunumluk \/ \u00c7erezlik adet<\/label>\n\t<input\n\t\ttype=\"number\"\n\t\t\t\tid=\"quantity_69e011e6ac0bc\"\n\t\tclass=\"input-text qty text\"\n\t\tname=\"cart[df27d2e23bf500eb010b2bc1a59b56d1][qty]\"\n\t\tvalue=\"1\"\n\t\taria-label=\"\u00dcr\u00fcn miktar\u0131\"\n\t\tsize=\"4\"\n\t\tmin=\"0\"\n\t\tmax=\"2\"\n\t\t\t\t\tstep=\"1\"\n\t\t\tplaceholder=\"\"\n\t\t\tinputmode=\"numeric\"\n\t\t\tautocomplete=\"off\"\n\t\t\t\/>\n\t<\/div>\n\t\t\t\t\t\t<\/td>\n\n\t\t\t\t\t\t<td class=\"product-subtotal\" data-title=\"Ara Toplam\">\n\t\t\t\t\t\t\t<span class=\"woocommerce-Price-amount amount\"><bdi>350.00<span class=\"woocommerce-Price-currencySymbol\">&#8378;<\/span><\/bdi><\/span>\t\t\t\t\t\t<\/td>\n\t\t\t\t\t<\/tr>\n\t\t\t\t\t\t\t\t\t\t<tr class=\"woocommerce-cart-form__cart-item cart_item\">\n\n\t\t\t\t\t\t<td class=\"product-remove\">\n\t\t\t\t\t\t\t<a href=\"https:\/\/salpkids.com\/?page_id=10&#038;remove_item=c4c32f6c24ee9c91d8debbd72cce2a22&#038;_wpnonce=c224b66da6\" class=\"remove\" aria-label=\"6\u2019l\u0131 Silikon Mutfak Seti \u00fcr\u00fcn\u00fcn\u00fc sepetten \u00e7\u0131kar\" data-product_id=\"9282\" data-product_sku=\"\">&times;<\/a>\t\t\t\t\t\t<\/td>\n\n\t\t\t\t\t\t<td class=\"product-thumbnail\">\n\t\t\t\t\t\t<a href=\"https:\/\/salpkids.com\/?product=6li-silikon-mutfak-seti\"><img width=\"300\" height=\"300\" src=\"https:\/\/salpkids.com\/wp-content\/uploads\/2025\/03\/img_6335-300x300.jpeg\" class=\"attachment-woocommerce_thumbnail size-woocommerce_thumbnail\" alt=\"\" decoding=\"async\" loading=\"lazy\" srcset=\"https:\/\/salpkids.com\/wp-content\/uploads\/2025\/03\/img_6335-300x300.jpeg 300w, https:\/\/salpkids.com\/wp-content\/uploads\/2025\/03\/img_6335-150x150.jpeg 150w, https:\/\/salpkids.com\/wp-content\/uploads\/2025\/03\/img_6335-100x100.jpeg 100w\" sizes=\"(max-width: 300px) 100vw, 300px\" \/><\/a>\t\t\t\t\t\t<\/td>\n\n\t\t\t\t\t\t<td class=\"product-name\" data-title=\"\u00dcr\u00fcn\">\n\t\t\t\t\t\t<a href=\"https:\/\/salpkids.com\/?product=6li-silikon-mutfak-seti\">6\u2019l\u0131 Silikon Mutfak Seti<\/a>\t\t\t\t\t\t<\/td>\n\n\t\t\t\t\t\t<td class=\"product-price\" data-title=\"Fiyat\">\n\t\t\t\t\t\t\t<span class=\"woocommerce-Price-amount amount\"><bdi>400.00<span class=\"woocommerce-Price-currencySymbol\">&#8378;<\/span><\/bdi><\/span>\t\t\t\t\t\t<\/td>\n\n\t\t\t\t\t\t<td class=\"product-quantity\" data-title=\"Miktar\">\n\t\t\t\t\t\t<div class=\"quantity\">\n\t\t<label class=\"screen-reader-text\" for=\"quantity_69e011e6ac8fe\">6\u2019l\u0131 Silikon Mutfak Seti adet<\/label>\n\t<input\n\t\ttype=\"number\"\n\t\t\t\tid=\"quantity_69e011e6ac8fe\"\n\t\tclass=\"input-text qty text\"\n\t\tname=\"cart[c4c32f6c24ee9c91d8debbd72cce2a22][qty]\"\n\t\tvalue=\"1\"\n\t\taria-label=\"\u00dcr\u00fcn miktar\u0131\"\n\t\tsize=\"4\"\n\t\tmin=\"0\"\n\t\tmax=\"12\"\n\t\t\t\t\tstep=\"1\"\n\t\t\tplaceholder=\"\"\n\t\t\tinputmode=\"numeric\"\n\t\t\tautocomplete=\"off\"\n\t\t\t\/>\n\t<\/div>\n\t\t\t\t\t\t<\/td>\n\n\t\t\t\t\t\t<td class=\"product-subtotal\" data-title=\"Ara Toplam\">\n\t\t\t\t\t\t\t<span class=\"woocommerce-Price-amount amount\"><bdi>400.00<span class=\"woocommerce-Price-currencySymbol\">&#8378;<\/span><\/bdi><\/span>\t\t\t\t\t\t<\/td>\n\t\t\t\t\t<\/tr>\n\t\t\t\t\t\t\t\t\t\t<tr class=\"woocommerce-cart-form__cart-item cart_item\">\n\n\t\t\t\t\t\t<td class=\"product-remove\">\n\t\t\t\t\t\t\t<a href=\"https:\/\/salpkids.com\/?page_id=10&#038;remove_item=959a464736661e9d1fbe59d2d1743276&#038;_wpnonce=c224b66da6\" class=\"remove\" aria-label=\"Akasya Curve Havan \u00fcr\u00fcn\u00fcn\u00fc sepetten \u00e7\u0131kar\" data-product_id=\"9883\" data-product_sku=\"\">&times;<\/a>\t\t\t\t\t\t<\/td>\n\n\t\t\t\t\t\t<td class=\"product-thumbnail\">\n\t\t\t\t\t\t<a href=\"https:\/\/salpkids.com\/?product=akasya-havan\"><img width=\"300\" height=\"300\" src=\"https:\/\/salpkids.com\/wp-content\/uploads\/2025\/03\/img_6170-300x300.jpeg\" class=\"attachment-woocommerce_thumbnail size-woocommerce_thumbnail\" alt=\"\" decoding=\"async\" loading=\"lazy\" srcset=\"https:\/\/salpkids.com\/wp-content\/uploads\/2025\/03\/img_6170-300x300.jpeg 300w, https:\/\/salpkids.com\/wp-content\/uploads\/2025\/03\/img_6170-150x150.jpeg 150w, https:\/\/salpkids.com\/wp-content\/uploads\/2025\/03\/img_6170-100x100.jpeg 100w\" sizes=\"(max-width: 300px) 100vw, 300px\" \/><\/a>\t\t\t\t\t\t<\/td>\n\n\t\t\t\t\t\t<td class=\"product-name\" data-title=\"\u00dcr\u00fcn\">\n\t\t\t\t\t\t<a href=\"https:\/\/salpkids.com\/?product=akasya-havan\">Akasya Curve Havan<\/a>\t\t\t\t\t\t<\/td>\n\n\t\t\t\t\t\t<td class=\"product-price\" data-title=\"Fiyat\">\n\t\t\t\t\t\t\t<span class=\"woocommerce-Price-amount amount\"><bdi>700.00<span class=\"woocommerce-Price-currencySymbol\">&#8378;<\/span><\/bdi><\/span>\t\t\t\t\t\t<\/td>\n\n\t\t\t\t\t\t<td class=\"product-quantity\" data-title=\"Miktar\">\n\t\t\t\t\t\t<div class=\"quantity\">\n\t\t<label class=\"screen-reader-text\" for=\"quantity_69e011e6ad045\">Akasya Curve Havan adet<\/label>\n\t<input\n\t\ttype=\"number\"\n\t\t\t\tid=\"quantity_69e011e6ad045\"\n\t\tclass=\"input-text qty text\"\n\t\tname=\"cart[959a464736661e9d1fbe59d2d1743276][qty]\"\n\t\tvalue=\"1\"\n\t\taria-label=\"\u00dcr\u00fcn miktar\u0131\"\n\t\tsize=\"4\"\n\t\tmin=\"0\"\n\t\tmax=\"6\"\n\t\t\t\t\tstep=\"1\"\n\t\t\tplaceholder=\"\"\n\t\t\tinputmode=\"numeric\"\n\t\t\tautocomplete=\"off\"\n\t\t\t\/>\n\t<\/div>\n\t\t\t\t\t\t<\/td>\n\n\t\t\t\t\t\t<td class=\"product-subtotal\" data-title=\"Ara Toplam\">\n\t\t\t\t\t\t\t<span class=\"woocommerce-Price-amount amount\"><bdi>700.00<span class=\"woocommerce-Price-currencySymbol\">&#8378;<\/span><\/bdi><\/span>\t\t\t\t\t\t<\/td>\n\t\t\t\t\t<\/tr>\n\t\t\t\t\t\n\t\t\t\n\t\t\t<tr>\n\t\t\t\t<td colspan=\"6\" class=\"actions\">\n\n\t\t\t\t\t\t\t\t\t\t\t<div class=\"coupon\">\n\t\t\t\t\t\t\t<label for=\"coupon_code\" class=\"screen-reader-text\">Kupon:<\/label> <input type=\"text\" name=\"coupon_code\" class=\"input-text\" id=\"coupon_code\" value=\"\" placeholder=\"Kupon Kodu\" \/> <button type=\"submit\" class=\"button\" name=\"apply_coupon\" value=\"Kupon kullan\">Kupon kullan<\/button>\n\t\t\t\t\t\t\t\t\t\t\t\t\t<\/div>\n\t\t\t\t\t\n\t\t\t\t\t<button type=\"submit\" class=\"button\" name=\"update_cart\" value=\"Sepeti g\u00fcncelle\">Sepeti g\u00fcncelle<\/button>\n\n\t\t\t\t\t\n\t\t\t\t\t<input type=\"hidden\" id=\"woocommerce-cart-nonce\" name=\"woocommerce-cart-nonce\" value=\"c224b66da6\" \/><input type=\"hidden\" name=\"_wp_http_referer\" value=\"\/index.php?rest_route=%2Fwp%2Fv2%2Fpages%2F10\" \/>\t\t\t\t<\/td>\n\t\t\t<\/tr>\n\n\t\t\t\t\t<\/tbody>\n\t<\/table>\n\t<\/form>\n\n\n<div class=\"cart-collaterals\">\n\t<div class=\"cart_totals \">\n\n\t\n\t<h2>Sepet toplamlar\u0131<\/h2>\n\n\t<table cellspacing=\"0\" class=\"shop_table shop_table_responsive\">\n\n\t\t<tr class=\"cart-subtotal\">\n\t\t\t<th>Ara Toplam<\/th>\n\t\t\t<td data-title=\"Ara Toplam\"><span class=\"woocommerce-Price-amount amount\"><bdi>1,450.00<span class=\"woocommerce-Price-currencySymbol\">&#8378;<\/span><\/bdi><\/span><\/td>\n\t\t<\/tr>\n\n\t\t\n\t\t\n\t\t\t\n\t\t\t<tr class=\"woocommerce-shipping-totals shipping\">\n\t<th>G\u00f6nderim<\/th>\n\t<td data-title=\"G\u00f6nderim\">\n\t\t\t\t\t<ul id=\"shipping_method\" class=\"woocommerce-shipping-methods\">\n\t\t\t\t\t\t\t\t\t<li>\n\t\t\t\t\t\t<input type=\"hidden\" name=\"shipping_method[0]\" data-index=\"0\" id=\"shipping_method_0_flat_rate9\" value=\"flat_rate:9\" class=\"shipping_method\" \/><label for=\"shipping_method_0_flat_rate9\">Kargo \u00dccreti: <span class=\"woocommerce-Price-amount amount\"><bdi>80.00<span class=\"woocommerce-Price-currencySymbol\">&#8378;<\/span><\/bdi><\/span><\/label>\t\t\t\t\t<\/li>\n\t\t\t\t\t\t\t<\/ul>\n\t\t\t\t\t\t\t<p class=\"woocommerce-shipping-destination\">\n\t\t\t\t\tG\u00f6nderim hedefi: <strong>Bursa<\/strong>. \t\t\t\t<\/p>\n\t\t\t\t\t\t\n\t\t\n\t\t\t\t\t\n<form class=\"woocommerce-shipping-calculator\" action=\"https:\/\/salpkids.com\/?page_id=10\" method=\"post\">\n\n\t<a href=\"#\" class=\"shipping-calculator-button\">Adresi de\u011fi\u015ftirin<\/a>\n\t<section class=\"shipping-calculator-form\" style=\"display:none;\">\n\n\t\t\t\t\t<p class=\"form-row form-row-wide\" id=\"calc_shipping_country_field\">\n\t\t\t\t<label for=\"calc_shipping_country\" class=\"screen-reader-text\">\u00dclke \/ b\u00f6lge:<\/label>\n\t\t\t\t<select name=\"calc_shipping_country\" id=\"calc_shipping_country\" class=\"country_to_state country_select\" rel=\"calc_shipping_state\">\n\t\t\t\t\t<option value=\"default\">Bir \u00fclke\/b\u00f6lge se\u00e7in&hellip;<\/option>\n\t\t\t\t\t<option value=\"TR\" selected='selected'>T\u00fcrkiye<\/option>\t\t\t\t<\/select>\n\t\t\t<\/p>\n\t\t\n\t\t\t\t\t<p class=\"form-row form-row-wide\" id=\"calc_shipping_state_field\">\n\t\t\t\t\t\t\t\t\t<span>\n\t\t\t\t\t\t<label for=\"calc_shipping_state\" class=\"screen-reader-text\">\u015eehir\/\u00dclke:<\/label>\n\t\t\t\t\t\t<select name=\"calc_shipping_state\" class=\"state_select\" id=\"calc_shipping_state\" data-placeholder=\"\u015eehir\">\n\t\t\t\t\t\t\t<option value=\"\">Bir se\u00e7enek belirleyin&hellip;<\/option>\n\t\t\t\t\t\t\t<option value=\"TR01\" >Adana<\/option><option value=\"TR02\" >Ad\u0131yaman<\/option><option value=\"TR03\" >Afyon<\/option><option value=\"TR04\" >A\u011fr\u0131<\/option><option value=\"TR05\" >Amasya<\/option><option value=\"TR06\" >Ankara<\/option><option value=\"TR07\" >Antalya<\/option><option value=\"TR08\" >Artvin<\/option><option value=\"TR09\" >Ayd\u0131n<\/option><option value=\"TR10\" >Bal\u0131kesir<\/option><option value=\"TR11\" >Bilecik<\/option><option value=\"TR12\" >Bing\u00f6l<\/option><option value=\"TR13\" >Bitlis<\/option><option value=\"TR14\" >Bolu<\/option><option value=\"TR15\" >Burdur<\/option><option value=\"TR16\"  selected='selected'>Bursa<\/option><option value=\"TR17\" >\u00c7anakkale<\/option><option value=\"TR18\" >\u00c7ank\u0131r\u0131<\/option><option value=\"TR19\" >\u00c7orum<\/option><option value=\"TR20\" >Denizli<\/option><option value=\"TR21\" >Diyarbak\u0131r<\/option><option value=\"TR22\" >Edirne<\/option><option value=\"TR23\" >Elaz\u0131\u011f<\/option><option value=\"TR24\" >Erzincan<\/option><option value=\"TR25\" >Erzurum<\/option><option value=\"TR26\" >Eski\u015fehir<\/option><option value=\"TR27\" >Gaziantep<\/option><option value=\"TR28\" >Giresun<\/option><option value=\"TR29\" >G\u00fcm\u00fc\u015fhane<\/option><option value=\"TR30\" >Hakkari<\/option><option value=\"TR31\" >Hatay<\/option><option value=\"TR32\" >Isparta<\/option><option value=\"TR33\" >Mersin<\/option><option value=\"TR34\" >\u0130stanbul<\/option><option value=\"TR35\" >\u0130zmir<\/option><option value=\"TR36\" >Kars<\/option><option value=\"TR37\" >Kastamonu<\/option><option value=\"TR38\" >Kayseri<\/option><option value=\"TR39\" >K\u0131rklareli<\/option><option value=\"TR40\" >K\u0131r\u015fehir<\/option><option value=\"TR41\" >Kocaeli<\/option><option value=\"TR42\" >Konya<\/option><option value=\"TR43\" >K\u00fctahya<\/option><option value=\"TR44\" >Malatya<\/option><option value=\"TR45\" >Manisa<\/option><option value=\"TR46\" >Kahramanmara\u015f<\/option><option value=\"TR47\" >Mardin<\/option><option value=\"TR48\" >Mu\u011fla<\/option><option value=\"TR49\" >Mu\u015f<\/option><option value=\"TR50\" >Nev\u015fehir<\/option><option value=\"TR51\" >Ni\u011fde<\/option><option value=\"TR52\" >Ordu<\/option><option value=\"TR53\" >Rize<\/option><option value=\"TR54\" >Sakarya<\/option><option value=\"TR55\" >Samsun<\/option><option value=\"TR56\" >Siirt<\/option><option value=\"TR57\" >Sinop<\/option><option value=\"TR58\" >Sivas<\/option><option value=\"TR59\" >Tekirda\u011f<\/option><option value=\"TR60\" >Tokat<\/option><option value=\"TR61\" >Trabzon<\/option><option value=\"TR62\" >Tunceli<\/option><option value=\"TR63\" >\u015eanl\u0131urfa<\/option><option value=\"TR64\" >U\u015fak<\/option><option value=\"TR65\" >Van<\/option><option value=\"TR66\" >Yozgat<\/option><option value=\"TR67\" >Zonguldak<\/option><option value=\"TR68\" >Aksaray<\/option><option value=\"TR69\" >Bayburt<\/option><option value=\"TR70\" >Karaman<\/option><option value=\"TR71\" >K\u0131r\u0131kkale<\/option><option value=\"TR72\" >Batman<\/option><option value=\"TR73\" >\u015e\u0131rnak<\/option><option value=\"TR74\" >Bart\u0131n<\/option><option value=\"TR75\" >Ardahan<\/option><option value=\"TR76\" >I\u011fd\u0131r<\/option><option value=\"TR77\" >Yalova<\/option><option value=\"TR78\" >Karab\u00fck<\/option><option value=\"TR79\" >Kilis<\/option><option value=\"TR80\" >Osmaniye<\/option><option value=\"TR81\" >D\u00fczce<\/option>\t\t\t\t\t\t<\/select>\n\t\t\t\t\t<\/span>\n\t\t\t\t\t\t\t\t<\/p>\n\t\t\n\t\t\t\t\t<p class=\"form-row form-row-wide\" id=\"calc_shipping_city_field\">\n\t\t\t\t<label for=\"calc_shipping_city\" class=\"screen-reader-text\">\u015eehir:<\/label>\n\t\t\t\t<input type=\"text\" class=\"input-text\" value=\"\" placeholder=\"\u0130l\u00e7e \/ Semt\" name=\"calc_shipping_city\" id=\"calc_shipping_city\" \/>\n\t\t\t<\/p>\n\t\t\n\t\t\t\t\t<p class=\"form-row form-row-wide\" id=\"calc_shipping_postcode_field\">\n\t\t\t\t<label for=\"calc_shipping_postcode\" class=\"screen-reader-text\">Posta kodu \/ ZIP:<\/label>\n\t\t\t\t<input type=\"text\" class=\"input-text\" value=\"\" placeholder=\"Posta kodu\" name=\"calc_shipping_postcode\" id=\"calc_shipping_postcode\" \/>\n\t\t\t<\/p>\n\t\t\n\t\t<p><button type=\"submit\" name=\"calc_shipping\" value=\"1\" class=\"button\">G\u00fcncelle<\/button><\/p>\n\t\t<input type=\"hidden\" id=\"woocommerce-shipping-calculator-nonce\" name=\"woocommerce-shipping-calculator-nonce\" value=\"399301bb4d\" \/><input type=\"hidden\" name=\"_wp_http_referer\" value=\"\/index.php?rest_route=%2Fwp%2Fv2%2Fpages%2F10\" \/>\t<\/section>\n<\/form>\n\n\t\t\t<\/td>\n<\/tr>\n\n\t\t\t\n\t\t\n\t\t\n\t\t\n\t\t\n\t\t<tr class=\"order-total\">\n\t\t\t<th>Toplam<\/th>\n\t\t\t<td data-title=\"Toplam\"><strong><span class=\"woocommerce-Price-amount amount\"><bdi>1,530.00<span class=\"woocommerce-Price-currencySymbol\">&#8378;<\/span><\/bdi><\/span><\/strong> <\/td>\n\t\t<\/tr>\n\n\t\t\n\t<\/table>\n\n\t<div class=\"wc-proceed-to-checkout\">\n\t\t\n<a href=\"https:\/\/salpkids.com\/?page_id=11\" class=\"checkout-button button alt wc-forward\">\n\t\u00d6deme sayfas\u0131na git<\/a>\n\t<\/div>\n\n\t\n<\/div>\n<\/div>\n\n<\/div>\n","protected":false},"excerpt":{"rendered":"","protected":false},"author":1,"featured_media":0,"parent":0,"menu_order":0,"comment_status":"closed","ping_status":"closed","template":"","meta":[],"post-meta":[],"_links":{"self":[{"href":"https:\/\/salpkids.com\/index.php?rest_route=\/wp\/v2\/pages\/10"}],"collection":[{"href":"https:\/\/salpkids.com\/index.php?rest_route=\/wp\/v2\/pages"}],"about":[{"href":"https:\/\/salpkids.com\/index.php?rest_route=\/wp\/v2\/types\/page"}],"author":[{"embeddable":true,"href":"https:\/\/salpkids.com\/index.php?rest_route=\/wp\/v2\/users\/1"}],"replies":[{"embeddable":true,"href":"https:\/\/salpkids.com\/index.php?rest_route=%2Fwp%2Fv2%2Fcomments&post=10"}],"version-history":[{"count":0,"href":"https:\/\/salpkids.com\/index.php?rest_route=\/wp\/v2\/pages\/10\/revisions"}],"wp:attachment":[{"href":"https:\/\/salpkids.com\/index.php?rest_route=%2Fwp%2Fv2%2Fmedia&parent=10"}],"curies":[{"name":"wp","href":"https:\/\/api.w.org\/{rel}","templated":true}]}}