{"id":10147,"date":"2024-12-20T12:32:30","date_gmt":"2024-12-20T09:32:30","guid":{"rendered":"https:\/\/salpkids.com\/?product=misket-ayakli-mini-sunumluk-yagdanlik-bardak-altligi"},"modified":"2025-04-08T11:48:29","modified_gmt":"2025-04-08T08:48:29","slug":"misket-ayakli-mini-sunumluk-yagdanlik-bardak-altligi","status":"publish","type":"product","link":"https:\/\/salpkids.com\/?product=misket-ayakli-mini-sunumluk-yagdanlik-bardak-altligi","title":{"rendered":"Misket Ayakl\u0131 Mini Sunumluk \/ Ya\u011fdanl\u0131k-Bardak Altl\u0131\u011f\u0131"},"content":{"rendered":"","protected":false},"excerpt":{"rendered":"<p>Modern zarafetin do\u011fal dokularla bulu\u015ftu\u011fu misket ayakl\u0131 bambu sunumluk, estetik ve fonksiyonelli\u011fi bir araya getiriyor.<\/p>\n<p>\u0130ster mutfa\u011f\u0131n\u0131zda sunumlar\u0131n\u0131z\u0131 bir \u00fcst seviyeye ta\u015f\u0131mak i\u00e7in, ister dekoratif bir obje olarak kullanabilece\u011finiz bu stand, hem \u015f\u0131k hem de \u00e7ok y\u00f6nl\u00fc bir yard\u0131mc\u0131.<\/p>\n<p>Misket ayak tasar\u0131m\u0131, hem sa\u011flaml\u0131k hem de zarafet sunarken, d\u00fcz ve dayan\u0131kl\u0131 y\u00fczeyiyle her t\u00fcrl\u00fc kullan\u0131m amac\u0131na uygun. \u00d6zg\u00fcn ve stil sahibi dokunu\u015flar arayanlar i\u00e7in vazge\u00e7ilmez bir par\u00e7a!<\/p>\n<p>\u00dcr\u00fcn \u00f6l\u00e7\u00fcs\u00fc: 11&#215;2.5 cm<\/p>\n","protected":false},"featured_media":10145,"comment_status":"open","ping_status":"closed","template":"","meta":[],"product_cat":[144,15,131,128,130,137],"product_tag":[],"_links":{"self":[{"href":"https:\/\/salpkids.com\/index.php?rest_route=\/wp\/v2\/product\/10147"}],"collection":[{"href":"https:\/\/salpkids.com\/index.php?rest_route=\/wp\/v2\/product"}],"about":[{"href":"https:\/\/salpkids.com\/index.php?rest_route=\/wp\/v2\/types\/product"}],"replies":[{"embeddable":true,"href":"https:\/\/salpkids.com\/index.php?rest_route=%2Fwp%2Fv2%2Fcomments&post=10147"}],"wp:featuredmedia":[{"embeddable":true,"href":"https:\/\/salpkids.com\/index.php?rest_route=\/wp\/v2\/media\/10145"}],"wp:attachment":[{"href":"https:\/\/salpkids.com\/index.php?rest_route=%2Fwp%2Fv2%2Fmedia&parent=10147"}],"wp:term":[{"taxonomy":"product_cat","embeddable":true,"href":"https:\/\/salpkids.com\/index.php?rest_route=%2Fwp%2Fv2%2Fproduct_cat&post=10147"},{"taxonomy":"product_tag","embeddable":true,"href":"https:\/\/salpkids.com\/index.php?rest_route=%2Fwp%2Fv2%2Fproduct_tag&post=10147"}],"curies":[{"name":"wp","href":"https:\/\/api.w.org\/{rel}","templated":true}]}}