{"id":10251,"date":"2025-01-10T17:19:25","date_gmt":"2025-01-10T14:19:25","guid":{"rendered":"https:\/\/salpkids.com\/?product=3lu-bambu-kare-cerezlik"},"modified":"2025-03-11T17:17:21","modified_gmt":"2025-03-11T14:17:21","slug":"3lu-bambu-kare-cerezlik","status":"publish","type":"product","link":"https:\/\/salpkids.com\/?product=3lu-bambu-kare-cerezlik","title":{"rendered":"3\u2019l\u00fc Bambu Kare \u00c7erezlik"},"content":{"rendered":"","protected":false},"excerpt":{"rendered":"<p>Do\u011fan\u0131n zarafetiyle tasar\u0131m\u0131n bulu\u015ftu\u011fu bu \u00fc\u00e7l\u00fc bambu \u00e7erezlik seti, sofralar\u0131n\u0131za hem \u015f\u0131kl\u0131k hem de i\u015flevsellik kat\u0131yor. Bambu a\u011fac\u0131n\u0131n do\u011fal s\u0131cakl\u0131\u011f\u0131yla \u00fcretilen bu \u00e7erezlikler, minimal dokusuyla her t\u00fcrl\u00fc masa d\u00fczenine m\u00fckemmel uyum sa\u011fl\u0131yor. At\u0131\u015ft\u0131rmal\u0131klar\u0131n\u0131z\u0131 sunarken \u00e7evre dostu bir tercih yapman\u0131n keyfini ya\u015fay\u0131n. \u0130ster g\u00fcnl\u00fck kullan\u0131mda ister \u00f6zel davetlerde, bu bambu \u00e7erezlikler hem estetik bir sunum hem de do\u011fal bir dokunu\u015f arayanlar i\u00e7in ideal bir se\u00e7enek!<\/p>\n","protected":false},"featured_media":10494,"comment_status":"open","ping_status":"closed","template":"","meta":[],"product_cat":[144,15,131,149],"product_tag":[],"_links":{"self":[{"href":"https:\/\/salpkids.com\/index.php?rest_route=\/wp\/v2\/product\/10251"}],"collection":[{"href":"https:\/\/salpkids.com\/index.php?rest_route=\/wp\/v2\/product"}],"about":[{"href":"https:\/\/salpkids.com\/index.php?rest_route=\/wp\/v2\/types\/product"}],"replies":[{"embeddable":true,"href":"https:\/\/salpkids.com\/index.php?rest_route=%2Fwp%2Fv2%2Fcomments&post=10251"}],"wp:featuredmedia":[{"embeddable":true,"href":"https:\/\/salpkids.com\/index.php?rest_route=\/wp\/v2\/media\/10494"}],"wp:attachment":[{"href":"https:\/\/salpkids.com\/index.php?rest_route=%2Fwp%2Fv2%2Fmedia&parent=10251"}],"wp:term":[{"taxonomy":"product_cat","embeddable":true,"href":"https:\/\/salpkids.com\/index.php?rest_route=%2Fwp%2Fv2%2Fproduct_cat&post=10251"},{"taxonomy":"product_tag","embeddable":true,"href":"https:\/\/salpkids.com\/index.php?rest_route=%2Fwp%2Fv2%2Fproduct_tag&post=10251"}],"curies":[{"name":"wp","href":"https:\/\/api.w.org\/{rel}","templated":true}]}}