{"id":10283,"date":"2025-01-13T14:32:04","date_gmt":"2025-01-13T11:32:04","guid":{"rendered":"https:\/\/salpkids.com\/?product=buyuk-boy-hasir-kapakli-sepet"},"modified":"2025-04-15T14:19:05","modified_gmt":"2025-04-15T11:19:05","slug":"buyuk-boy-hasir-kapakli-sepet","status":"publish","type":"product","link":"https:\/\/salpkids.com\/?product=buyuk-boy-hasir-kapakli-sepet","title":{"rendered":"B\u00fcy\u00fck Boy Has\u0131r Kapakl\u0131 Sepet"},"content":{"rendered":"","protected":false},"excerpt":{"rendered":"<ul style=\"border-width: 0px;border-style: solid;--tw-translate-x: 0;--tw-translate-y: 0;--tw-rotate: 0;--tw-skew-x: 0;--tw-skew-y: 0;--tw-scale-x: 1;--tw-scale-y: 1;--tw-border-opacity: 1;--tw-ring-offset-shadow: 0 0 #0000;--tw-ring-shadow: 0 0 #0000;--tw-shadow: 0 0 #0000;--tw-blur: var(--tw-empty, );--tw-brightness: var(--tw-empty, );--tw-contrast: var(--tw-empty, );--tw-grayscale: var(--tw-empty, );--tw-hue-rotate: var(--tw-empty, );--tw-invert: var(--tw-empty, );--tw-saturate: var(--tw-empty, );--tw-sepia: var(--tw-empty, );--tw-drop-shadow: var(--tw-empty, );--tw-filter: var(--tw-blur) var(--tw-brightness) var(--tw-contrast) var(--tw-grayscale) var(--tw-hue-rotate) var(--tw-invert) var(--tw-saturate) var(--tw-sepia) var(--tw-drop-shadow);padding: 0px;margin: 0px 0px 0px 40px;font-family: Poppins, -apple-system, system-ui, BlinkMacSystemFont,\">\n<li style=\"border-width: 0px;border-style: solid;--tw-translate-x: 0;--tw-translate-y: 0;--tw-rotate: 0;--tw-skew-x: 0;--tw-skew-y: 0;--tw-scale-x: 1;--tw-scale-y: 1;--tw-border-opacity: 1;--tw-ring-offset-shadow: 0 0 #0000;--tw-ring-shadow: 0 0 #0000;--tw-shadow: 0 0 #0000;--tw-blur: var(--tw-empty, );--tw-brightness: var(--tw-empty, );--tw-contrast: var(--tw-empty, );--tw-grayscale: var(--tw-empty, );--tw-hue-rotate: var(--tw-empty, );--tw-invert: var(--tw-empty, );--tw-saturate: var(--tw-empty, );--tw-sepia: var(--tw-empty, );--tw-drop-shadow: var(--tw-empty, );--tw-filter: var(--tw-blur) var(--tw-brightness) var(--tw-contrast) var(--tw-grayscale) var(--tw-hue-rotate) var(--tw-invert) var(--tw-saturate) var(--tw-sepia) var(--tw-drop-shadow);padding: 0px;margin: 0px\"><span style=\"border-width: 0px;border-style: solid;--tw-translate-x: 0;--tw-translate-y: 0;--tw-rotate: 0;--tw-skew-x: 0;--tw-skew-y: 0;--tw-scale-x: 1;--tw-scale-y: 1;--tw-border-opacity: 1;--tw-ring-offset-shadow: 0 0 #0000;--tw-ring-shadow: 0 0 #0000;--tw-shadow: 0 0 #0000;--tw-blur: var(--tw-empty, );--tw-brightness: var(--tw-empty, );--tw-contrast: var(--tw-empty, );--tw-grayscale: var(--tw-empty, );--tw-hue-rotate: var(--tw-empty, );--tw-invert: var(--tw-empty, );--tw-saturate: var(--tw-empty, );--tw-sepia: var(--tw-empty, );--tw-drop-shadow: var(--tw-empty, );--tw-filter: var(--tw-blur) var(--tw-brightness) var(--tw-contrast) var(--tw-grayscale) var(--tw-hue-rotate) var(--tw-invert) var(--tw-saturate) var(--tw-sepia) var(--tw-drop-shadow);padding: 0px;margin: 0px;font-weight: bolder\">\u00dcr\u00fcn \u00f6l\u00e7\u00fcs\u00fc: 36x25x16<\/span><\/li>\n<\/ul>\n<p>Bu zarif ve do\u011fal dokulu has\u0131r kapakl\u0131 sepetler, hem \u015f\u0131kl\u0131\u011f\u0131 hem de i\u015flevselli\u011fi bir arada sunuyor. Do\u011fall\u0131\u011f\u0131n s\u0131cak dokusunu evinize ta\u015f\u0131rken, ya\u015fam alanlar\u0131n\u0131z\u0131 d\u00fczenli tutmak i\u00e7in m\u00fckemmel bir \u00e7\u00f6z\u00fcm sunar. B\u00fcy\u00fck, orta ve k\u00fc\u00e7\u00fck boylar\u0131yla farkl\u0131 ihtiya\u00e7lara cevap verebilecek \u015fekilde tasarlanm\u0131\u015ft\u0131r.<\/p>\n<p>\u2022<strong>B\u00fcy\u00fck boy sepet:<\/strong> Salonunuzda battaniye ve yast\u0131klar\u0131n\u0131z\u0131 saklamak i\u00e7in ya da mutfa\u011f\u0131n\u0131zda paketli yiyecekleri d\u00fczenlemek i\u00e7in idealdir. Ayr\u0131ca yatak odas\u0131nda mevsimlik giysilerinizi muhafaza etmek i\u00e7in kullanabilirsiniz.<\/p>\n<p>\u2022<strong>Orta boy sepet:<\/strong> Banyo raflar\u0131n\u0131zda havlu, ki\u015fisel bak\u0131m \u00fcr\u00fcnleri veya temizlik malzemeleri i\u00e7in harika bir se\u00e7enek olabilir. Ayr\u0131ca, \u00e7ocuk odas\u0131nda oyuncaklar\u0131 d\u00fczenlemek i\u00e7in de uygundur.<\/p>\n<p>\u2022<strong>K\u00fc\u00e7\u00fck boy sepet:<\/strong> Tak\u0131, makyaj malzemeleri veya anahtar gibi k\u00fc\u00e7\u00fck e\u015fyalar\u0131n\u0131z\u0131 saklamak i\u00e7in pratik bir kullan\u0131m sunar. \u00c7al\u0131\u015fma masan\u0131zda kalem ve k\u0131rtasiye malzemeleri i\u00e7in de \u015f\u0131k bir organizasyon alan\u0131 yaratabilir.<\/p>\n<p>Bu sepetler, yaln\u0131zca d\u00fczen sa\u011flamakla kalmaz; ayn\u0131 zamanda do\u011fal dokusuyla bulundu\u011fu her ortamda estetik bir hava katar. Rustik \u015f\u0131kl\u0131k arayanlar i\u00e7in vazge\u00e7ilmez bir se\u00e7im!<\/p>\n","protected":false},"featured_media":10447,"comment_status":"open","ping_status":"closed","template":"","meta":[],"product_cat":[15,127,130],"product_tag":[],"_links":{"self":[{"href":"https:\/\/salpkids.com\/index.php?rest_route=\/wp\/v2\/product\/10283"}],"collection":[{"href":"https:\/\/salpkids.com\/index.php?rest_route=\/wp\/v2\/product"}],"about":[{"href":"https:\/\/salpkids.com\/index.php?rest_route=\/wp\/v2\/types\/product"}],"replies":[{"embeddable":true,"href":"https:\/\/salpkids.com\/index.php?rest_route=%2Fwp%2Fv2%2Fcomments&post=10283"}],"wp:featuredmedia":[{"embeddable":true,"href":"https:\/\/salpkids.com\/index.php?rest_route=\/wp\/v2\/media\/10447"}],"wp:attachment":[{"href":"https:\/\/salpkids.com\/index.php?rest_route=%2Fwp%2Fv2%2Fmedia&parent=10283"}],"wp:term":[{"taxonomy":"product_cat","embeddable":true,"href":"https:\/\/salpkids.com\/index.php?rest_route=%2Fwp%2Fv2%2Fproduct_cat&post=10283"},{"taxonomy":"product_tag","embeddable":true,"href":"https:\/\/salpkids.com\/index.php?rest_route=%2Fwp%2Fv2%2Fproduct_tag&post=10283"}],"curies":[{"name":"wp","href":"https:\/\/api.w.org\/{rel}","templated":true}]}}