{"id":10345,"date":"2025-02-11T14:58:33","date_gmt":"2025-02-11T11:58:33","guid":{"rendered":"https:\/\/salpkids.com\/?product=seramik-sivi-sabunluk"},"modified":"2025-03-10T18:12:16","modified_gmt":"2025-03-10T15:12:16","slug":"seramik-sivi-sabunluk","status":"publish","type":"product","link":"https:\/\/salpkids.com\/?product=seramik-sivi-sabunluk","title":{"rendered":"Seramik S\u0131v\u0131 Sabunluk"},"content":{"rendered":"","protected":false},"excerpt":{"rendered":"<p>Zarif tasar\u0131m\u0131yla mutfak ve banyolar\u0131n\u0131za \u015f\u0131kl\u0131k katan bu seramik s\u0131v\u0131 sabunluk, fonksiyonelli\u011fi ve esteti\u011fi kusursuz bir \u015fekilde bir araya getiriyor. Modern hatlar\u0131 ve g\u00f6z al\u0131c\u0131 beyaz rengiyle sade ama sofistike bir duru\u015f sergilerken, \u00fczerinde yer alan \u201cSOAP\u201d ve \u201cSPONGE\u201d yaz\u0131lar\u0131 ona ho\u015f bir vintage dokunu\u015f kat\u0131yor. Kullan\u0131\u015fl\u0131 s\u00fcnger b\u00f6lmesi sayesinde hem d\u00fczeni koruman\u0131za yard\u0131mc\u0131 olur hem de elinizin alt\u0131nda her an hijyen sa\u011flar. Dayan\u0131kl\u0131 seramik yap\u0131s\u0131yla uzun \u00f6m\u00fcrl\u00fc bir kullan\u0131m sunan bu \u015f\u0131k aksesuar, ya\u015fam alanlar\u0131n\u0131za zamans\u0131z bir zarafet getiriyor!<\/p>\n<p>\u2022 S\u00fcnger dahildir.<\/p>\n","protected":false},"featured_media":10402,"comment_status":"open","ping_status":"closed","template":"","meta":[],"product_cat":[15,132,137],"product_tag":[],"_links":{"self":[{"href":"https:\/\/salpkids.com\/index.php?rest_route=\/wp\/v2\/product\/10345"}],"collection":[{"href":"https:\/\/salpkids.com\/index.php?rest_route=\/wp\/v2\/product"}],"about":[{"href":"https:\/\/salpkids.com\/index.php?rest_route=\/wp\/v2\/types\/product"}],"replies":[{"embeddable":true,"href":"https:\/\/salpkids.com\/index.php?rest_route=%2Fwp%2Fv2%2Fcomments&post=10345"}],"wp:featuredmedia":[{"embeddable":true,"href":"https:\/\/salpkids.com\/index.php?rest_route=\/wp\/v2\/media\/10402"}],"wp:attachment":[{"href":"https:\/\/salpkids.com\/index.php?rest_route=%2Fwp%2Fv2%2Fmedia&parent=10345"}],"wp:term":[{"taxonomy":"product_cat","embeddable":true,"href":"https:\/\/salpkids.com\/index.php?rest_route=%2Fwp%2Fv2%2Fproduct_cat&post=10345"},{"taxonomy":"product_tag","embeddable":true,"href":"https:\/\/salpkids.com\/index.php?rest_route=%2Fwp%2Fv2%2Fproduct_tag&post=10345"}],"curies":[{"name":"wp","href":"https:\/\/api.w.org\/{rel}","templated":true}]}}