{"id":10469,"date":"2025-03-11T16:05:50","date_gmt":"2025-03-11T13:05:50","guid":{"rendered":"https:\/\/salpkids.com\/?product=bambu-standli-3lu-beyaz-cam-kavanoz-seti-2"},"modified":"2025-03-11T17:10:32","modified_gmt":"2025-03-11T14:10:32","slug":"bambu-standli-3lu-beyaz-cam-kavanoz-seti-2","status":"publish","type":"product","link":"https:\/\/salpkids.com\/?product=bambu-standli-3lu-beyaz-cam-kavanoz-seti-2","title":{"rendered":"Bambu Standl\u0131 3\u2019l\u00fc Beyaz Cam Kavanoz Seti"},"content":{"rendered":"","protected":false},"excerpt":{"rendered":"<p style=\"margin: 0px 0px 10px;font-family: Poppins;font-size: 14px;font-style: normal;font-weight: 500;letter-spacing: normal;text-align: start;text-indent: 0px;text-transform: none;text-decoration: none\">Vakumlu ve do\u011fa dostu bambu kapaklar\u0131 sayesinde hava ge\u00e7irmez ve \u00fcr\u00fcn\u00fcn tazeli\u011fini korumas\u0131n\u0131 sa\u011flar.<\/p>\n<p style=\"margin: 0px 0px 10px;font-family: Poppins;font-size: 14px;font-style: normal;font-weight: 500;letter-spacing: normal;text-align: start;text-indent: 0px;text-transform: none;text-decoration: none\">Set i\u00e7eri\u011fi:<\/p>\n<p style=\"margin: 0px 0px 10px;font-family: Poppins;font-size: 14px;font-style: normal;font-weight: 500;letter-spacing: normal;text-align: start;text-indent: 0px;text-transform: none;text-decoration: none\">1 adet tea<\/p>\n<p style=\"margin: 0px 0px 10px;font-family: Poppins;font-size: 14px;font-style: normal;font-weight: 500;letter-spacing: normal;text-align: start;text-indent: 0px;text-transform: none;text-decoration: none\">1 adet coffee<\/p>\n<p style=\"margin: 0px 0px 10px;font-family: Poppins;font-size: 14px;font-style: normal;font-weight: 500;letter-spacing: normal;text-align: start;text-indent: 0px;text-transform: none;text-decoration: none\">1 adet sugar<\/p>\n<p style=\"margin: 0px 0px 10px;font-family: Poppins;font-size: 14px;font-style: normal;font-weight: 500;letter-spacing: normal;text-align: start;text-indent: 0px;text-transform: none;text-decoration: none\">1 adet bambu stand<\/p>\n<p style=\"margin: 0px 0px 10px;font-family: Poppins;font-size: 14px;font-style: normal;font-weight: 500;letter-spacing: normal;text-align: start;text-indent: 0px;text-transform: none;text-decoration: none\">Materyal: Cam<\/p>\n<p style=\"margin: 0px 0px 10px;font-family: Poppins;font-size: 14px;font-style: normal;font-weight: 500;letter-spacing: normal;text-align: start;text-indent: 0px;text-transform: none;text-decoration: none\">\u00dczeri beyaz mat boya ile boyanm\u0131\u015ft\u0131r.<\/p>\n<p style=\"margin: 0px 0px 10px;font-family: Poppins;font-size: 14px;font-style: normal;font-weight: 500;letter-spacing: normal;text-align: start;text-indent: 0px;text-transform: none;text-decoration: none\">Makinede y\u0131kamay\u0131z, elde y\u0131kama \u00f6nerilir.<\/p>\n<p style=\"margin: 0px 0px 10px;font-family: Poppins;font-size: 14px;font-style: normal;font-weight: 500;letter-spacing: normal;text-align: start;text-indent: 0px;text-transform: none;text-decoration: none\">Hacim: 1000 ML<\/p>\n<p style=\"margin: 0px;font-family: Poppins;font-size: 14px;font-style: normal;font-weight: 500;letter-spacing: normal;text-align: start;text-indent: 0px;text-transform: none;text-decoration: none\">Kavanoz \u00f6l\u00e7\u00fcs\u00fc: 10\u00d715 cm<\/p>\n","protected":false},"featured_media":10468,"comment_status":"open","ping_status":"closed","template":"","meta":[],"product_cat":[15,126],"product_tag":[],"_links":{"self":[{"href":"https:\/\/salpkids.com\/index.php?rest_route=\/wp\/v2\/product\/10469"}],"collection":[{"href":"https:\/\/salpkids.com\/index.php?rest_route=\/wp\/v2\/product"}],"about":[{"href":"https:\/\/salpkids.com\/index.php?rest_route=\/wp\/v2\/types\/product"}],"replies":[{"embeddable":true,"href":"https:\/\/salpkids.com\/index.php?rest_route=%2Fwp%2Fv2%2Fcomments&post=10469"}],"wp:featuredmedia":[{"embeddable":true,"href":"https:\/\/salpkids.com\/index.php?rest_route=\/wp\/v2\/media\/10468"}],"wp:attachment":[{"href":"https:\/\/salpkids.com\/index.php?rest_route=%2Fwp%2Fv2%2Fmedia&parent=10469"}],"wp:term":[{"taxonomy":"product_cat","embeddable":true,"href":"https:\/\/salpkids.com\/index.php?rest_route=%2Fwp%2Fv2%2Fproduct_cat&post=10469"},{"taxonomy":"product_tag","embeddable":true,"href":"https:\/\/salpkids.com\/index.php?rest_route=%2Fwp%2Fv2%2Fproduct_tag&post=10469"}],"curies":[{"name":"wp","href":"https:\/\/api.w.org\/{rel}","templated":true}]}}