{"id":10673,"date":"2025-04-22T14:27:44","date_gmt":"2025-04-22T11:27:44","guid":{"rendered":"https:\/\/salpkids.com\/?product=akasya-pompali-cam-sivi-sabunluk"},"modified":"2025-04-25T16:09:20","modified_gmt":"2025-04-25T13:09:20","slug":"akasya-pompali-cam-sivi-sabunluk","status":"publish","type":"product","link":"https:\/\/salpkids.com\/?product=akasya-pompali-cam-sivi-sabunluk","title":{"rendered":"Akasya Pompal\u0131 Tekli Cam S\u0131v\u0131 Sabunluk"},"content":{"rendered":"","protected":false},"excerpt":{"rendered":"","protected":false},"featured_media":10794,"comment_status":"open","ping_status":"closed","template":"","meta":[],"product_cat":[15,146,137],"product_tag":[],"_links":{"self":[{"href":"https:\/\/salpkids.com\/index.php?rest_route=\/wp\/v2\/product\/10673"}],"collection":[{"href":"https:\/\/salpkids.com\/index.php?rest_route=\/wp\/v2\/product"}],"about":[{"href":"https:\/\/salpkids.com\/index.php?rest_route=\/wp\/v2\/types\/product"}],"replies":[{"embeddable":true,"href":"https:\/\/salpkids.com\/index.php?rest_route=%2Fwp%2Fv2%2Fcomments&post=10673"}],"wp:featuredmedia":[{"embeddable":true,"href":"https:\/\/salpkids.com\/index.php?rest_route=\/wp\/v2\/media\/10794"}],"wp:attachment":[{"href":"https:\/\/salpkids.com\/index.php?rest_route=%2Fwp%2Fv2%2Fmedia&parent=10673"}],"wp:term":[{"taxonomy":"product_cat","embeddable":true,"href":"https:\/\/salpkids.com\/index.php?rest_route=%2Fwp%2Fv2%2Fproduct_cat&post=10673"},{"taxonomy":"product_tag","embeddable":true,"href":"https:\/\/salpkids.com\/index.php?rest_route=%2Fwp%2Fv2%2Fproduct_tag&post=10673"}],"curies":[{"name":"wp","href":"https:\/\/api.w.org\/{rel}","templated":true}]}}