{"id":10685,"date":"2025-04-23T00:03:23","date_gmt":"2025-04-22T21:03:23","guid":{"rendered":"https:\/\/salpkids.com\/?product=silikon-kilitli-kapakli-cam-saklama-kabi-1520-ml"},"modified":"2025-04-24T14:51:17","modified_gmt":"2025-04-24T11:51:17","slug":"silikon-kilitli-kapakli-cam-saklama-kabi-1520-ml","status":"publish","type":"product","link":"https:\/\/salpkids.com\/?product=silikon-kilitli-kapakli-cam-saklama-kabi-1520-ml","title":{"rendered":"Silikon Kilitli Kapakl\u0131 Cam Saklama Kab\u0131 \/ 1520 ML"},"content":{"rendered":"","protected":false},"excerpt":{"rendered":"<p>\u0130Zarafet ve Fonksiyonelli\u011fi Bir Arada Sunan Kilitli Saklama Kab\u0131 Serisi<\/p>\n<p>Mutfak d\u00fczeninizi estetikle bulu\u015fturan bu \u015f\u0131k kilitli saklama kab\u0131, sade ve modern tasar\u0131m\u0131yla hem g\u00f6z zevkinize hitap ediyor hem de pratik kullan\u0131m imk\u00e2n\u0131 sunuyor. Y\u00fcksek kaliteli cam g\u00f6vdesi, g\u0131dalar\u0131n\u0131z\u0131 taze ve g\u00fcvenle saklaman\u0131z\u0131 sa\u011flarken, vakumlu kapak tasar\u0131m\u0131 s\u0131zd\u0131rmazl\u0131kta yeni bir d\u00f6nemin kap\u0131lar\u0131n\u0131 aral\u0131yor.<\/p>\n<p>Bej tonlar\u0131ndaki kapa\u011f\u0131 ile minimalist bir zarafet sunan bu kap, ayn\u0131 zamanda bula\u015f\u0131k makinesinde y\u0131kanabilir, mikrodalgada kullan\u0131labilir ve derin dondurucuya girmeye uygundur. Yani tek bir \u00fcr\u00fcnde hem estetik hem de \u00e7ok y\u00f6nl\u00fc kullan\u0131m bir araya geliyor.<\/p>\n<p>\u00dc\u00e7 farkl\u0131 hacim se\u00e7ene\u011fiyle her ihtiyaca hitap eder:<\/p>\n<p>1040 ml: G\u00fcnl\u00fck \u00f6\u011f\u00fcnler, at\u0131\u015ft\u0131rmal\u0131klar veya taze kesilmi\u015f meyveler i\u00e7in ideal.<\/p>\n<p>1520 ml: Orta boy yemekler, salatalar ya da buzdolab\u0131nda saklaman\u0131z gereken soslar i\u00e7in m\u00fckemmel.<\/p>\n<p>2800 ml: B\u00fcy\u00fck porsiyon yemekler, marinasyon i\u015flemleri veya hafta boyu s\u00fcrecek yemek planlamalar\u0131 i\u00e7in vazge\u00e7ilmez bir yard\u0131mc\u0131.<\/p>\n<p>\u0130ster evde ister d\u0131\u015farda kullan\u0131n; bu zarif saklama kab\u0131, ya\u015fam\u0131n\u0131za d\u00fczen ve \u015f\u0131kl\u0131k katmak i\u00e7in tasarland\u0131.<\/p>\n<p>1520 ML: 23&#215;17.5 CM<\/p>\n","protected":false},"featured_media":10740,"comment_status":"open","ping_status":"closed","template":"","meta":[],"product_cat":[15],"product_tag":[],"_links":{"self":[{"href":"https:\/\/salpkids.com\/index.php?rest_route=\/wp\/v2\/product\/10685"}],"collection":[{"href":"https:\/\/salpkids.com\/index.php?rest_route=\/wp\/v2\/product"}],"about":[{"href":"https:\/\/salpkids.com\/index.php?rest_route=\/wp\/v2\/types\/product"}],"replies":[{"embeddable":true,"href":"https:\/\/salpkids.com\/index.php?rest_route=%2Fwp%2Fv2%2Fcomments&post=10685"}],"wp:featuredmedia":[{"embeddable":true,"href":"https:\/\/salpkids.com\/index.php?rest_route=\/wp\/v2\/media\/10740"}],"wp:attachment":[{"href":"https:\/\/salpkids.com\/index.php?rest_route=%2Fwp%2Fv2%2Fmedia&parent=10685"}],"wp:term":[{"taxonomy":"product_cat","embeddable":true,"href":"https:\/\/salpkids.com\/index.php?rest_route=%2Fwp%2Fv2%2Fproduct_cat&post=10685"},{"taxonomy":"product_tag","embeddable":true,"href":"https:\/\/salpkids.com\/index.php?rest_route=%2Fwp%2Fv2%2Fproduct_tag&post=10685"}],"curies":[{"name":"wp","href":"https:\/\/api.w.org\/{rel}","templated":true}]}}