{"id":10705,"date":"2025-04-23T00:49:59","date_gmt":"2025-04-22T21:49:59","guid":{"rendered":"https:\/\/salpkids.com\/?product=akasya-sapli-celik-servis-seti-4lu-set"},"modified":"2025-04-25T16:53:52","modified_gmt":"2025-04-25T13:53:52","slug":"akasya-sapli-celik-servis-seti-4lu-set","status":"publish","type":"product","link":"https:\/\/salpkids.com\/?product=akasya-sapli-celik-servis-seti-4lu-set","title":{"rendered":"Ah\u015fap Sapl\u0131 \u00c7elik Servis Seti \/ 4\u2019l\u00fc Set"},"content":{"rendered":"","protected":false},"excerpt":{"rendered":"<p>Uzun \u00f6m\u00fcrl\u00fc olmas\u0131 i\u00e7in elde y\u0131kama tavsiye edilir.<\/p>\n<p>\u00dcr\u00fcn paslanmaz \u00e7eliktir, saplar\u0131 ise kay\u0131n a\u011fac\u0131ndan \u00fcretilmi\u015ftir.<\/p>\n<p>Set i\u00e7eri\u011fi: Kevgir \/ Spatula \/ Ka\u015f\u0131k \/ Kep\u00e7e<\/p>\n","protected":false},"featured_media":10802,"comment_status":"open","ping_status":"closed","template":"","meta":[],"product_cat":[150,144,15,131],"product_tag":[],"_links":{"self":[{"href":"https:\/\/salpkids.com\/index.php?rest_route=\/wp\/v2\/product\/10705"}],"collection":[{"href":"https:\/\/salpkids.com\/index.php?rest_route=\/wp\/v2\/product"}],"about":[{"href":"https:\/\/salpkids.com\/index.php?rest_route=\/wp\/v2\/types\/product"}],"replies":[{"embeddable":true,"href":"https:\/\/salpkids.com\/index.php?rest_route=%2Fwp%2Fv2%2Fcomments&post=10705"}],"wp:featuredmedia":[{"embeddable":true,"href":"https:\/\/salpkids.com\/index.php?rest_route=\/wp\/v2\/media\/10802"}],"wp:attachment":[{"href":"https:\/\/salpkids.com\/index.php?rest_route=%2Fwp%2Fv2%2Fmedia&parent=10705"}],"wp:term":[{"taxonomy":"product_cat","embeddable":true,"href":"https:\/\/salpkids.com\/index.php?rest_route=%2Fwp%2Fv2%2Fproduct_cat&post=10705"},{"taxonomy":"product_tag","embeddable":true,"href":"https:\/\/salpkids.com\/index.php?rest_route=%2Fwp%2Fv2%2Fproduct_tag&post=10705"}],"curies":[{"name":"wp","href":"https:\/\/api.w.org\/{rel}","templated":true}]}}