{"id":10708,"date":"2025-04-23T00:51:56","date_gmt":"2025-04-22T21:51:56","guid":{"rendered":"https:\/\/salpkids.com\/?product=akasya-sapli-olcu-kasigi-paslanmaz-celik-2"},"modified":"2025-11-30T20:17:23","modified_gmt":"2025-11-30T17:17:23","slug":"akasya-sapli-olcu-kasigi-paslanmaz-celik-2","status":"publish","type":"product","link":"https:\/\/salpkids.com\/?product=akasya-sapli-olcu-kasigi-paslanmaz-celik-2","title":{"rendered":"Akasya Sapl\u0131 \u00d6l\u00e7\u00fc Ka\u015f\u0131\u011f\u0131 \/ Paslanmaz \u00c7elik"},"content":{"rendered":"","protected":false},"excerpt":{"rendered":"<p>Hacim: 200 ML<\/p>\n<p>\u00dcr\u00fcn \u00f6l\u00e7\u00fcs\u00fc: 20 cm<\/p>\n<p>Minimalist tasar\u0131m\u0131yla g\u00f6z al\u0131c\u0131 bir sadelik sunan bu 200 ml hacmindeki \u00e7elik \u00f6l\u00e7\u00fc kab\u0131, mutfakta zarafet arayanlar\u0131n vazge\u00e7ilmez yard\u0131mc\u0131s\u0131 olmaya aday. Parlak paslanmaz \u00e7elik g\u00f6vdesi, sa\u011flaml\u0131\u011f\u0131 ve hijyenik yap\u0131s\u0131yla uzun \u00f6m\u00fcrl\u00fc kullan\u0131m vaat ederken; do\u011fal ah\u015faptan \u00fcretilmi\u015f ergonomik sap\u0131, hem estetik bir dokunu\u015f hem de g\u00fcvenli tutu\u015f sa\u011flar. Sap k\u0131sm\u0131ndaki deri ask\u0131 detay\u0131 ise kullan\u0131m sonras\u0131 kolayca as\u0131larak saklanmas\u0131n\u0131 m\u00fcmk\u00fcn k\u0131lar.<\/p>\n<p>Kullan\u0131m Alanlar\u0131:<\/p>\n<p>Mutfakta hassas \u00f6l\u00e7\u00fcler gerektiren tariflerde, s\u0131v\u0131 ya da kuru malzemeleri tam k\u0131vam\u0131nda \u00f6l\u00e7mek i\u00e7in idealdir.<\/p>\n<p>French press kahve ya da espresso haz\u0131rlarken suyu do\u011fru oranda eklemek isteyen kahve tutkunlar\u0131 i\u00e7in harika bir yard\u0131mc\u0131d\u0131r.<\/p>\n<p>Diyet ve porsiyon kontrol\u00fc yapanlar i\u00e7in her g\u00fcn ayn\u0131 miktarda s\u0131v\u0131 t\u00fcketimini sa\u011flamak ad\u0131na kullan\u0131\u015fl\u0131 bir \u00f6l\u00e7\u00fcd\u00fcr.<\/p>\n<p>Estetik g\u00f6r\u00fcn\u00fcm\u00fc sayesinde yaln\u0131zca i\u015flevsel de\u011fil, ayn\u0131 zamanda mutfa\u011f\u0131n\u0131z\u0131n dekoratif detaylar\u0131ndan biri olabilir.<\/p>\n<p>\u015e\u0131kl\u0131\u011f\u0131 sadelikte bulanlar i\u00e7in tasarlanm\u0131\u015f bu \u00f6l\u00e7\u00fc kab\u0131, mutfakta hem pratiklik hem de estetik arayanlara hitap ediyor.<\/p>\n","protected":false},"featured_media":10757,"comment_status":"open","ping_status":"closed","template":"","meta":[],"product_cat":[150,144,15,146],"product_tag":[],"_links":{"self":[{"href":"https:\/\/salpkids.com\/index.php?rest_route=\/wp\/v2\/product\/10708"}],"collection":[{"href":"https:\/\/salpkids.com\/index.php?rest_route=\/wp\/v2\/product"}],"about":[{"href":"https:\/\/salpkids.com\/index.php?rest_route=\/wp\/v2\/types\/product"}],"replies":[{"embeddable":true,"href":"https:\/\/salpkids.com\/index.php?rest_route=%2Fwp%2Fv2%2Fcomments&post=10708"}],"wp:featuredmedia":[{"embeddable":true,"href":"https:\/\/salpkids.com\/index.php?rest_route=\/wp\/v2\/media\/10757"}],"wp:attachment":[{"href":"https:\/\/salpkids.com\/index.php?rest_route=%2Fwp%2Fv2%2Fmedia&parent=10708"}],"wp:term":[{"taxonomy":"product_cat","embeddable":true,"href":"https:\/\/salpkids.com\/index.php?rest_route=%2Fwp%2Fv2%2Fproduct_cat&post=10708"},{"taxonomy":"product_tag","embeddable":true,"href":"https:\/\/salpkids.com\/index.php?rest_route=%2Fwp%2Fv2%2Fproduct_tag&post=10708"}],"curies":[{"name":"wp","href":"https:\/\/api.w.org\/{rel}","templated":true}]}}