{"id":10850,"date":"2025-07-01T00:39:03","date_gmt":"2025-06-30T21:39:03","guid":{"rendered":"https:\/\/salpkids.com\/?product=akasya-altlikli-vakum-kapakli-cam-yagdanlik"},"modified":"2025-07-01T00:39:06","modified_gmt":"2025-06-30T21:39:06","slug":"akasya-altlikli-vakum-kapakli-cam-yagdanlik","status":"publish","type":"product","link":"https:\/\/salpkids.com\/?product=akasya-altlikli-vakum-kapakli-cam-yagdanlik","title":{"rendered":"Akasya Altl\u0131kl\u0131 Vakum Kapakl\u0131 Cam Ya\u011fdanl\u0131k"},"content":{"rendered":"","protected":false},"excerpt":{"rendered":"<p>Hacim: 900 ml<\/p>\n","protected":false},"featured_media":10849,"comment_status":"open","ping_status":"closed","template":"","meta":[],"product_cat":[15,146,137],"product_tag":[],"_links":{"self":[{"href":"https:\/\/salpkids.com\/index.php?rest_route=\/wp\/v2\/product\/10850"}],"collection":[{"href":"https:\/\/salpkids.com\/index.php?rest_route=\/wp\/v2\/product"}],"about":[{"href":"https:\/\/salpkids.com\/index.php?rest_route=\/wp\/v2\/types\/product"}],"replies":[{"embeddable":true,"href":"https:\/\/salpkids.com\/index.php?rest_route=%2Fwp%2Fv2%2Fcomments&post=10850"}],"wp:featuredmedia":[{"embeddable":true,"href":"https:\/\/salpkids.com\/index.php?rest_route=\/wp\/v2\/media\/10849"}],"wp:attachment":[{"href":"https:\/\/salpkids.com\/index.php?rest_route=%2Fwp%2Fv2%2Fmedia&parent=10850"}],"wp:term":[{"taxonomy":"product_cat","embeddable":true,"href":"https:\/\/salpkids.com\/index.php?rest_route=%2Fwp%2Fv2%2Fproduct_cat&post=10850"},{"taxonomy":"product_tag","embeddable":true,"href":"https:\/\/salpkids.com\/index.php?rest_route=%2Fwp%2Fv2%2Fproduct_tag&post=10850"}],"curies":[{"name":"wp","href":"https:\/\/api.w.org\/{rel}","templated":true}]}}