{"id":10861,"date":"2025-07-01T00:44:47","date_gmt":"2025-06-30T21:44:47","guid":{"rendered":"https:\/\/salpkids.com\/?product=el-yapimi-buyuk-boy-cam-salata-kasesi"},"modified":"2026-01-12T18:55:12","modified_gmt":"2026-01-12T15:55:12","slug":"el-yapimi-buyuk-boy-cam-salata-kasesi","status":"publish","type":"product","link":"https:\/\/salpkids.com\/?product=el-yapimi-buyuk-boy-cam-salata-kasesi","title":{"rendered":"El Yap\u0131m\u0131 B\u00fcy\u00fck Boy Cam Salata Kasesi"},"content":{"rendered":"","protected":false},"excerpt":{"rendered":"<p data-pm-slice=\"1 1 []\" style=\"font-style: normal;font-weight: 400;letter-spacing: normal;text-align: start;text-indent: 0px;text-transform: none;text-decoration: none\">\u00dcr\u00fcn \u00f6l\u00e7\u00fcs\u00fc: 24&#215;6.5 cm<\/p>\n","protected":false},"featured_media":10858,"comment_status":"open","ping_status":"closed","template":"","meta":[],"product_cat":[144,15,149],"product_tag":[],"_links":{"self":[{"href":"https:\/\/salpkids.com\/index.php?rest_route=\/wp\/v2\/product\/10861"}],"collection":[{"href":"https:\/\/salpkids.com\/index.php?rest_route=\/wp\/v2\/product"}],"about":[{"href":"https:\/\/salpkids.com\/index.php?rest_route=\/wp\/v2\/types\/product"}],"replies":[{"embeddable":true,"href":"https:\/\/salpkids.com\/index.php?rest_route=%2Fwp%2Fv2%2Fcomments&post=10861"}],"wp:featuredmedia":[{"embeddable":true,"href":"https:\/\/salpkids.com\/index.php?rest_route=\/wp\/v2\/media\/10858"}],"wp:attachment":[{"href":"https:\/\/salpkids.com\/index.php?rest_route=%2Fwp%2Fv2%2Fmedia&parent=10861"}],"wp:term":[{"taxonomy":"product_cat","embeddable":true,"href":"https:\/\/salpkids.com\/index.php?rest_route=%2Fwp%2Fv2%2Fproduct_cat&post=10861"},{"taxonomy":"product_tag","embeddable":true,"href":"https:\/\/salpkids.com\/index.php?rest_route=%2Fwp%2Fv2%2Fproduct_tag&post=10861"}],"curies":[{"name":"wp","href":"https:\/\/api.w.org\/{rel}","templated":true}]}}