{"id":5608,"date":"2023-08-12T18:46:47","date_gmt":"2023-08-12T15:46:47","guid":{"rendered":"https:\/\/salpkids.com\/?post_type=product&#038;p=5608"},"modified":"2024-09-19T16:16:21","modified_gmt":"2024-09-19T13:16:21","slug":"origami-stil-pipetli-cam-bardak-kahve-ve-sunum-bardagi","status":"publish","type":"product","link":"https:\/\/salpkids.com\/?product=origami-stil-pipetli-cam-bardak-kahve-ve-sunum-bardagi","title":{"rendered":"Origami Stil Pipetli Cam Bardak \/ Kahve Ve Sunum Barda\u011f\u0131"},"content":{"rendered":"","protected":false},"excerpt":{"rendered":"<ul>\n<li>Hacim: 400 ml<\/li>\n<li>\u00dcr\u00fcn tamamen camd\u0131r.<\/li>\n<li>S\u0131cak ve so\u011fuk i\u00e7ecekler i\u00e7in uygundur.<\/li>\n<li>\u00d6l\u00e7\u00fc : 14,5 cm \u00c7ap :9 cm<\/li>\n<\/ul>\n","protected":false},"featured_media":7967,"comment_status":"open","ping_status":"closed","template":"","meta":[],"product_cat":[15],"product_tag":[],"_links":{"self":[{"href":"https:\/\/salpkids.com\/index.php?rest_route=\/wp\/v2\/product\/5608"}],"collection":[{"href":"https:\/\/salpkids.com\/index.php?rest_route=\/wp\/v2\/product"}],"about":[{"href":"https:\/\/salpkids.com\/index.php?rest_route=\/wp\/v2\/types\/product"}],"replies":[{"embeddable":true,"href":"https:\/\/salpkids.com\/index.php?rest_route=%2Fwp%2Fv2%2Fcomments&post=5608"}],"wp:featuredmedia":[{"embeddable":true,"href":"https:\/\/salpkids.com\/index.php?rest_route=\/wp\/v2\/media\/7967"}],"wp:attachment":[{"href":"https:\/\/salpkids.com\/index.php?rest_route=%2Fwp%2Fv2%2Fmedia&parent=5608"}],"wp:term":[{"taxonomy":"product_cat","embeddable":true,"href":"https:\/\/salpkids.com\/index.php?rest_route=%2Fwp%2Fv2%2Fproduct_cat&post=5608"},{"taxonomy":"product_tag","embeddable":true,"href":"https:\/\/salpkids.com\/index.php?rest_route=%2Fwp%2Fv2%2Fproduct_tag&post=5608"}],"curies":[{"name":"wp","href":"https:\/\/api.w.org\/{rel}","templated":true}]}}