{"id":5647,"date":"2023-08-14T22:30:15","date_gmt":"2023-08-14T19:30:15","guid":{"rendered":"https:\/\/salpkids.com\/?post_type=product&#038;p=5647"},"modified":"2026-01-12T18:53:40","modified_gmt":"2026-01-12T15:53:40","slug":"bambu-kapakli-cam-baharatlik-seti-12li-set","status":"publish","type":"product","link":"https:\/\/salpkids.com\/?product=bambu-kapakli-cam-baharatlik-seti-12li-set","title":{"rendered":"Bambu Vakum Kapakl\u0131 Cam Baharatl\u0131k Seti \/ 12&#8217;li Set \/ 200 ML"},"content":{"rendered":"","protected":false},"excerpt":{"rendered":"<ul>\n<li>Etiketler suya dayan\u0131kl\u0131d\u0131r.<\/li>\n<li>Elde y\u0131kama tavsiye edilir.<\/li>\n<li>Hacim: 200 ml<\/li>\n<li>Kavanoz \u00f6l\u00e7\u00fcs\u00fc: \u00c7ap:6.5 cm Y\u00fckseklik:8&nbsp;cm<\/li>\n<\/ul>\n<p>Tuz \/ Karabiber \/ Pul Biber \/ K\u0131rm\u0131z\u0131 Toz Biber \/ Kekik \/ Nane \/ Kimyon \/ \u0130sot \/ Sumak \/ Susam \/ Hindistan Cevizi \/ Zencefil \/ \u00c7\u00f6rek Otu \/ K\u00f6ri \/ Limon Tuzu \/ Zerde\u00e7al<\/p>\n","protected":false},"featured_media":10159,"comment_status":"open","ping_status":"closed","template":"","meta":[],"product_cat":[15,126],"product_tag":[],"_links":{"self":[{"href":"https:\/\/salpkids.com\/index.php?rest_route=\/wp\/v2\/product\/5647"}],"collection":[{"href":"https:\/\/salpkids.com\/index.php?rest_route=\/wp\/v2\/product"}],"about":[{"href":"https:\/\/salpkids.com\/index.php?rest_route=\/wp\/v2\/types\/product"}],"replies":[{"embeddable":true,"href":"https:\/\/salpkids.com\/index.php?rest_route=%2Fwp%2Fv2%2Fcomments&post=5647"}],"wp:featuredmedia":[{"embeddable":true,"href":"https:\/\/salpkids.com\/index.php?rest_route=\/wp\/v2\/media\/10159"}],"wp:attachment":[{"href":"https:\/\/salpkids.com\/index.php?rest_route=%2Fwp%2Fv2%2Fmedia&parent=5647"}],"wp:term":[{"taxonomy":"product_cat","embeddable":true,"href":"https:\/\/salpkids.com\/index.php?rest_route=%2Fwp%2Fv2%2Fproduct_cat&post=5647"},{"taxonomy":"product_tag","embeddable":true,"href":"https:\/\/salpkids.com\/index.php?rest_route=%2Fwp%2Fv2%2Fproduct_tag&post=5647"}],"curies":[{"name":"wp","href":"https:\/\/api.w.org\/{rel}","templated":true}]}}