{"id":6906,"date":"2023-10-25T15:02:37","date_gmt":"2023-10-25T12:02:37","guid":{"rendered":"https:\/\/salpkids.com\/?product=metal-kapakli-cam-baharatlik-seti-12li-set-3"},"modified":"2024-10-21T14:51:33","modified_gmt":"2024-10-21T11:51:33","slug":"metal-kapakli-cam-baharatlik-seti-12li-set-3","status":"publish","type":"product","link":"https:\/\/salpkids.com\/?product=metal-kapakli-cam-baharatlik-seti-12li-set-3","title":{"rendered":"Metal Kapakl\u0131 Cam Baharatl\u0131k Seti \/ 12\u2019li Set"},"content":{"rendered":"","protected":false},"excerpt":{"rendered":"<p style=\"margin: 0px 0px 10px;font-family: Poppins;font-size: 14px;font-style: normal;font-weight: 500;letter-spacing: normal;text-align: start;text-indent: 0px;text-transform: none;text-decoration: none\"><span style=\"font-family: Poppins;font-size: 14px;font-style: normal;font-weight: 500;letter-spacing: normal;text-align: start;text-indent: 0px;text-transform: none;text-decoration: none;float: none\">\u2022 Etiketler sudan etkilenmeyen opak etiketlerdir.<\/span><br \/>\n<span style=\"font-family: Poppins;font-size: 14px;font-style: normal;font-weight: 500;letter-spacing: normal;text-align: start;text-indent: 0px;text-transform: none;text-decoration: none;float: none\">\u2022 Materyal: Cam<\/span><br \/>\n<span style=\"font-family: Poppins;font-size: 14px;font-style: normal;font-weight: 500;letter-spacing: normal;text-align: start;text-indent: 0px;text-transform: none;text-decoration: none;float: none\">\u2022 Hacim: 250 ml<\/span><\/p>\n<p>Sabit etiketler:<\/p>\n<p>Tuz \/ Karabiber \/ Pul Biber \/ K\u0131rm\u0131z\u0131 Toz Biber \/ Kekik \/ Nane \/ Kimyon \/ \u0130sot \/ Sumak \/ Susam \/ Hindistan Cevizi \/ Tar\u00e7\u0131n \/ \u00c7\u00f6rek Otu \/ K\u00f6ri \/ Limon Tuzu<\/p>\n","protected":false},"featured_media":6903,"comment_status":"open","ping_status":"closed","template":"","meta":[],"product_cat":[15,126],"product_tag":[],"_links":{"self":[{"href":"https:\/\/salpkids.com\/index.php?rest_route=\/wp\/v2\/product\/6906"}],"collection":[{"href":"https:\/\/salpkids.com\/index.php?rest_route=\/wp\/v2\/product"}],"about":[{"href":"https:\/\/salpkids.com\/index.php?rest_route=\/wp\/v2\/types\/product"}],"replies":[{"embeddable":true,"href":"https:\/\/salpkids.com\/index.php?rest_route=%2Fwp%2Fv2%2Fcomments&post=6906"}],"wp:featuredmedia":[{"embeddable":true,"href":"https:\/\/salpkids.com\/index.php?rest_route=\/wp\/v2\/media\/6903"}],"wp:attachment":[{"href":"https:\/\/salpkids.com\/index.php?rest_route=%2Fwp%2Fv2%2Fmedia&parent=6906"}],"wp:term":[{"taxonomy":"product_cat","embeddable":true,"href":"https:\/\/salpkids.com\/index.php?rest_route=%2Fwp%2Fv2%2Fproduct_cat&post=6906"},{"taxonomy":"product_tag","embeddable":true,"href":"https:\/\/salpkids.com\/index.php?rest_route=%2Fwp%2Fv2%2Fproduct_tag&post=6906"}],"curies":[{"name":"wp","href":"https:\/\/api.w.org\/{rel}","templated":true}]}}