{"id":7064,"date":"2023-11-10T14:25:44","date_gmt":"2023-11-10T11:25:44","guid":{"rendered":"https:\/\/salpkids.com\/?product=gold-baslikli-cam-yagdanlik-seti"},"modified":"2024-03-26T09:38:12","modified_gmt":"2024-03-26T06:38:12","slug":"gold-baslikli-cam-yagdanlik-seti","status":"publish","type":"product","link":"https:\/\/salpkids.com\/?product=gold-baslikli-cam-yagdanlik-seti","title":{"rendered":"Gold Ba\u015fl\u0131kl\u0131 Cam Ya\u011fdanl\u0131k Seti"},"content":{"rendered":"","protected":false},"excerpt":{"rendered":"<p>Kapaklar plastik de\u011fil, metaldir.<\/p>\n<p>Hacim: 500 ML<\/p>\n","protected":false},"featured_media":7177,"comment_status":"open","ping_status":"closed","template":"","meta":[],"product_cat":[15,137],"product_tag":[],"_links":{"self":[{"href":"https:\/\/salpkids.com\/index.php?rest_route=\/wp\/v2\/product\/7064"}],"collection":[{"href":"https:\/\/salpkids.com\/index.php?rest_route=\/wp\/v2\/product"}],"about":[{"href":"https:\/\/salpkids.com\/index.php?rest_route=\/wp\/v2\/types\/product"}],"replies":[{"embeddable":true,"href":"https:\/\/salpkids.com\/index.php?rest_route=%2Fwp%2Fv2%2Fcomments&post=7064"}],"wp:featuredmedia":[{"embeddable":true,"href":"https:\/\/salpkids.com\/index.php?rest_route=\/wp\/v2\/media\/7177"}],"wp:attachment":[{"href":"https:\/\/salpkids.com\/index.php?rest_route=%2Fwp%2Fv2%2Fmedia&parent=7064"}],"wp:term":[{"taxonomy":"product_cat","embeddable":true,"href":"https:\/\/salpkids.com\/index.php?rest_route=%2Fwp%2Fv2%2Fproduct_cat&post=7064"},{"taxonomy":"product_tag","embeddable":true,"href":"https:\/\/salpkids.com\/index.php?rest_route=%2Fwp%2Fv2%2Fproduct_tag&post=7064"}],"curies":[{"name":"wp","href":"https:\/\/api.w.org\/{rel}","templated":true}]}}