{"id":7420,"date":"2023-12-14T14:48:42","date_gmt":"2023-12-14T11:48:42","guid":{"rendered":"https:\/\/salpkids.com\/?product=6li-bambu-sosluk"},"modified":"2025-03-19T10:15:55","modified_gmt":"2025-03-19T07:15:55","slug":"6li-bambu-sosluk","status":"publish","type":"product","link":"https:\/\/salpkids.com\/?product=6li-bambu-sosluk","title":{"rendered":"6\u2019l\u0131 Bambu Sosluk \/ Lokumluk \/ Re\u00e7ellik"},"content":{"rendered":"","protected":false},"excerpt":{"rendered":"<p>6 adet bambu sosluk g\u00f6nderilecektir.<\/p>\n<p>A\u011f\u0131z \u00e7ap\u0131: 6 cm<\/p>\n","protected":false},"featured_media":10488,"comment_status":"open","ping_status":"closed","template":"","meta":[],"product_cat":[15,131,149],"product_tag":[],"_links":{"self":[{"href":"https:\/\/salpkids.com\/index.php?rest_route=\/wp\/v2\/product\/7420"}],"collection":[{"href":"https:\/\/salpkids.com\/index.php?rest_route=\/wp\/v2\/product"}],"about":[{"href":"https:\/\/salpkids.com\/index.php?rest_route=\/wp\/v2\/types\/product"}],"replies":[{"embeddable":true,"href":"https:\/\/salpkids.com\/index.php?rest_route=%2Fwp%2Fv2%2Fcomments&post=7420"}],"wp:featuredmedia":[{"embeddable":true,"href":"https:\/\/salpkids.com\/index.php?rest_route=\/wp\/v2\/media\/10488"}],"wp:attachment":[{"href":"https:\/\/salpkids.com\/index.php?rest_route=%2Fwp%2Fv2%2Fmedia&parent=7420"}],"wp:term":[{"taxonomy":"product_cat","embeddable":true,"href":"https:\/\/salpkids.com\/index.php?rest_route=%2Fwp%2Fv2%2Fproduct_cat&post=7420"},{"taxonomy":"product_tag","embeddable":true,"href":"https:\/\/salpkids.com\/index.php?rest_route=%2Fwp%2Fv2%2Fproduct_tag&post=7420"}],"curies":[{"name":"wp","href":"https:\/\/api.w.org\/{rel}","templated":true}]}}