{"id":7490,"date":"2023-12-26T12:37:58","date_gmt":"2023-12-26T09:37:58","guid":{"rendered":"https:\/\/salpkids.com\/?product=hasir-organizer"},"modified":"2024-06-14T11:25:18","modified_gmt":"2024-06-14T08:25:18","slug":"hasir-organizer","status":"publish","type":"product","link":"https:\/\/salpkids.com\/?product=hasir-organizer","title":{"rendered":"Has\u0131r Organizer \/ Ka\u015f\u0131kl\u0131k"},"content":{"rendered":"","protected":false},"excerpt":{"rendered":"<p>Has\u0131r rattan 2 b\u00f6lmeki organizer, kalitesi ve tasar\u0131m\u0131yla evinizin her yerinde kullanabilece\u011finiz harika bir \u00fcr\u00fcn!<\/p>\n<p>Dekor ama\u00e7l\u0131 kullanabilirsiniz.<\/p>\n<p>Ka\u015f\u0131kl\u0131k olarak kullanabilirsiniz.<\/p>\n<p>Makyaj f\u0131r\u00e7alar\u0131n\u0131z\u0131 d\u00fczenlemek i\u00e7in kullanabilirsiniz.<\/p>\n","protected":false},"featured_media":7944,"comment_status":"open","ping_status":"closed","template":"","meta":[],"product_cat":[15,127,130],"product_tag":[],"_links":{"self":[{"href":"https:\/\/salpkids.com\/index.php?rest_route=\/wp\/v2\/product\/7490"}],"collection":[{"href":"https:\/\/salpkids.com\/index.php?rest_route=\/wp\/v2\/product"}],"about":[{"href":"https:\/\/salpkids.com\/index.php?rest_route=\/wp\/v2\/types\/product"}],"replies":[{"embeddable":true,"href":"https:\/\/salpkids.com\/index.php?rest_route=%2Fwp%2Fv2%2Fcomments&post=7490"}],"wp:featuredmedia":[{"embeddable":true,"href":"https:\/\/salpkids.com\/index.php?rest_route=\/wp\/v2\/media\/7944"}],"wp:attachment":[{"href":"https:\/\/salpkids.com\/index.php?rest_route=%2Fwp%2Fv2%2Fmedia&parent=7490"}],"wp:term":[{"taxonomy":"product_cat","embeddable":true,"href":"https:\/\/salpkids.com\/index.php?rest_route=%2Fwp%2Fv2%2Fproduct_cat&post=7490"},{"taxonomy":"product_tag","embeddable":true,"href":"https:\/\/salpkids.com\/index.php?rest_route=%2Fwp%2Fv2%2Fproduct_tag&post=7490"}],"curies":[{"name":"wp","href":"https:\/\/api.w.org\/{rel}","templated":true}]}}