{"id":7620,"date":"2024-01-12T15:28:54","date_gmt":"2024-01-12T12:28:54","guid":{"rendered":"https:\/\/salpkids.com\/?product=4-bolmeli-ahsap-sunumluk-cerezlik"},"modified":"2025-08-10T10:00:23","modified_gmt":"2025-08-10T07:00:23","slug":"4-bolmeli-ahsap-sunumluk-cerezlik","status":"publish","type":"product","link":"https:\/\/salpkids.com\/?product=4-bolmeli-ahsap-sunumluk-cerezlik","title":{"rendered":"4 B\u00f6lmeli Ah\u015fap Sunumluk \/ \u00c7erezlik"},"content":{"rendered":"","protected":false},"excerpt":{"rendered":"<p>\u2022 Kahve yan\u0131na lokum, \u00e7ikolata servislerinde kullanabilirsiniz.<\/p>\n<p>\u2022 \u00c7erezlik olarak kullanabilirsiniz.<\/p>\n<p>\u2022 Kahvalt\u0131 servislerinde kullanabilirsiniz.<\/p>\n<p>\u2022 \u00dcr\u00fcn ah\u015fapt\u0131r.<\/p>\n<p>\u2022 Kapa\u011f\u0131 pleksi.<\/p>\n","protected":false},"featured_media":7922,"comment_status":"open","ping_status":"closed","template":"","meta":[],"product_cat":[15,131,149,128],"product_tag":[],"_links":{"self":[{"href":"https:\/\/salpkids.com\/index.php?rest_route=\/wp\/v2\/product\/7620"}],"collection":[{"href":"https:\/\/salpkids.com\/index.php?rest_route=\/wp\/v2\/product"}],"about":[{"href":"https:\/\/salpkids.com\/index.php?rest_route=\/wp\/v2\/types\/product"}],"replies":[{"embeddable":true,"href":"https:\/\/salpkids.com\/index.php?rest_route=%2Fwp%2Fv2%2Fcomments&post=7620"}],"wp:featuredmedia":[{"embeddable":true,"href":"https:\/\/salpkids.com\/index.php?rest_route=\/wp\/v2\/media\/7922"}],"wp:attachment":[{"href":"https:\/\/salpkids.com\/index.php?rest_route=%2Fwp%2Fv2%2Fmedia&parent=7620"}],"wp:term":[{"taxonomy":"product_cat","embeddable":true,"href":"https:\/\/salpkids.com\/index.php?rest_route=%2Fwp%2Fv2%2Fproduct_cat&post=7620"},{"taxonomy":"product_tag","embeddable":true,"href":"https:\/\/salpkids.com\/index.php?rest_route=%2Fwp%2Fv2%2Fproduct_tag&post=7620"}],"curies":[{"name":"wp","href":"https:\/\/api.w.org\/{rel}","templated":true}]}}