{"id":7848,"date":"2024-02-15T15:17:04","date_gmt":"2024-02-15T12:17:04","guid":{"rendered":"https:\/\/salpkids.com\/?product=amber-cam-sabunluk-seti-dishes-hands"},"modified":"2024-12-08T10:20:49","modified_gmt":"2024-12-08T07:20:49","slug":"amber-cam-sabunluk-seti-dishes-hands","status":"publish","type":"product","link":"https:\/\/salpkids.com\/?product=amber-cam-sabunluk-seti-dishes-hands","title":{"rendered":"Premium Kalite Amber Cam Sabunluk Seti \/ DISHES &#8211; HANDS"},"content":{"rendered":"","protected":false},"excerpt":{"rendered":"<p>Set i\u00e7eri\u011fi:<\/p>\n<p>1 adet bambu stant<\/p>\n<p>2 adet premium kalite amber cam sabunluk<\/p>\n<p>\u2022 Sabunluk pompas\u0131n\u0131n \u00e7er\u00e7evesi bambudur.<\/p>\n","protected":false},"featured_media":8430,"comment_status":"open","ping_status":"closed","template":"","meta":[],"product_cat":[15,137],"product_tag":[],"_links":{"self":[{"href":"https:\/\/salpkids.com\/index.php?rest_route=\/wp\/v2\/product\/7848"}],"collection":[{"href":"https:\/\/salpkids.com\/index.php?rest_route=\/wp\/v2\/product"}],"about":[{"href":"https:\/\/salpkids.com\/index.php?rest_route=\/wp\/v2\/types\/product"}],"replies":[{"embeddable":true,"href":"https:\/\/salpkids.com\/index.php?rest_route=%2Fwp%2Fv2%2Fcomments&post=7848"}],"wp:featuredmedia":[{"embeddable":true,"href":"https:\/\/salpkids.com\/index.php?rest_route=\/wp\/v2\/media\/8430"}],"wp:attachment":[{"href":"https:\/\/salpkids.com\/index.php?rest_route=%2Fwp%2Fv2%2Fmedia&parent=7848"}],"wp:term":[{"taxonomy":"product_cat","embeddable":true,"href":"https:\/\/salpkids.com\/index.php?rest_route=%2Fwp%2Fv2%2Fproduct_cat&post=7848"},{"taxonomy":"product_tag","embeddable":true,"href":"https:\/\/salpkids.com\/index.php?rest_route=%2Fwp%2Fv2%2Fproduct_tag&post=7848"}],"curies":[{"name":"wp","href":"https:\/\/api.w.org\/{rel}","templated":true}]}}