{"id":7852,"date":"2024-02-15T15:25:27","date_gmt":"2024-02-15T12:25:27","guid":{"rendered":"https:\/\/salpkids.com\/?product=premium-kalite-siyah-beyaz-cam-sabunluk-seti"},"modified":"2025-05-19T22:38:39","modified_gmt":"2025-05-19T19:38:39","slug":"premium-kalite-siyah-beyaz-cam-sabunluk-seti","status":"publish","type":"product","link":"https:\/\/salpkids.com\/?product=premium-kalite-siyah-beyaz-cam-sabunluk-seti","title":{"rendered":"Premium Kalite Siyah-Beyaz Cam Sabunluk Seti"},"content":{"rendered":"","protected":false},"excerpt":{"rendered":"<p style=\"margin: 0px 0px 10px;font-family: Poppins;font-size: 14px;font-style: normal;font-weight: 500;letter-spacing: normal;text-align: start;text-indent: 0px;text-transform: none;text-decoration: none\">Set i\u00e7eri\u011fi:<\/p>\n<p style=\"margin: 0px 0px 10px;font-family: Poppins;font-size: 14px;font-style: normal;font-weight: 500;letter-spacing: normal;text-align: start;text-indent: 0px;text-transform: none;text-decoration: none\">1 adet bambu stant<\/p>\n<p style=\"margin: 0px 0px 10px;font-family: Poppins;font-size: 14px;font-style: normal;font-weight: 500;letter-spacing: normal;text-align: start;text-indent: 0px;text-transform: none;text-decoration: none\">2 adet premium kalite siyah ve beyaz cam sabunluk<\/p>\n<p style=\"margin: 0px;font-family: Poppins;font-size: 14px;font-style: normal;font-weight: 500;letter-spacing: normal;text-align: start;text-indent: 0px;text-transform: none;text-decoration: none\">\u2022 Sabunluk pompas\u0131n\u0131n \u00e7er\u00e7evesi bambudur.<\/p>\n","protected":false},"featured_media":8435,"comment_status":"open","ping_status":"closed","template":"","meta":[],"product_cat":[15,137],"product_tag":[],"_links":{"self":[{"href":"https:\/\/salpkids.com\/index.php?rest_route=\/wp\/v2\/product\/7852"}],"collection":[{"href":"https:\/\/salpkids.com\/index.php?rest_route=\/wp\/v2\/product"}],"about":[{"href":"https:\/\/salpkids.com\/index.php?rest_route=\/wp\/v2\/types\/product"}],"replies":[{"embeddable":true,"href":"https:\/\/salpkids.com\/index.php?rest_route=%2Fwp%2Fv2%2Fcomments&post=7852"}],"wp:featuredmedia":[{"embeddable":true,"href":"https:\/\/salpkids.com\/index.php?rest_route=\/wp\/v2\/media\/8435"}],"wp:attachment":[{"href":"https:\/\/salpkids.com\/index.php?rest_route=%2Fwp%2Fv2%2Fmedia&parent=7852"}],"wp:term":[{"taxonomy":"product_cat","embeddable":true,"href":"https:\/\/salpkids.com\/index.php?rest_route=%2Fwp%2Fv2%2Fproduct_cat&post=7852"},{"taxonomy":"product_tag","embeddable":true,"href":"https:\/\/salpkids.com\/index.php?rest_route=%2Fwp%2Fv2%2Fproduct_tag&post=7852"}],"curies":[{"name":"wp","href":"https:\/\/api.w.org\/{rel}","templated":true}]}}