{"id":8474,"date":"2024-04-04T12:53:48","date_gmt":"2024-04-04T09:53:48","guid":{"rendered":"https:\/\/salpkids.com\/?product=koyu-ahsap-standli-yagdanlik-seti-vintage-etiket"},"modified":"2026-01-12T18:55:48","modified_gmt":"2026-01-12T15:55:48","slug":"koyu-ahsap-standli-yagdanlik-seti-vintage-etiket","status":"publish","type":"product","link":"https:\/\/salpkids.com\/?product=koyu-ahsap-standli-yagdanlik-seti-vintage-etiket","title":{"rendered":"Koyu Ah\u015fap Standl\u0131 Ya\u011fdanl\u0131k Seti \/ Vintage Etiket"},"content":{"rendered":"","protected":false},"excerpt":{"rendered":"<p>Set i\u00e7eri\u011fi:<\/p>\n<p>2 adet ya\u011fdanl\u0131k<\/p>\n<p>2 adet damlatmaz ba\u015fl\u0131k<\/p>\n<p>2 adet etiket<\/p>\n<p>1 adet koyu ah\u015fap stant<\/p>\n","protected":false},"featured_media":8473,"comment_status":"open","ping_status":"closed","template":"","meta":[],"product_cat":[15,137],"product_tag":[],"_links":{"self":[{"href":"https:\/\/salpkids.com\/index.php?rest_route=\/wp\/v2\/product\/8474"}],"collection":[{"href":"https:\/\/salpkids.com\/index.php?rest_route=\/wp\/v2\/product"}],"about":[{"href":"https:\/\/salpkids.com\/index.php?rest_route=\/wp\/v2\/types\/product"}],"replies":[{"embeddable":true,"href":"https:\/\/salpkids.com\/index.php?rest_route=%2Fwp%2Fv2%2Fcomments&post=8474"}],"wp:featuredmedia":[{"embeddable":true,"href":"https:\/\/salpkids.com\/index.php?rest_route=\/wp\/v2\/media\/8473"}],"wp:attachment":[{"href":"https:\/\/salpkids.com\/index.php?rest_route=%2Fwp%2Fv2%2Fmedia&parent=8474"}],"wp:term":[{"taxonomy":"product_cat","embeddable":true,"href":"https:\/\/salpkids.com\/index.php?rest_route=%2Fwp%2Fv2%2Fproduct_cat&post=8474"},{"taxonomy":"product_tag","embeddable":true,"href":"https:\/\/salpkids.com\/index.php?rest_route=%2Fwp%2Fv2%2Fproduct_tag&post=8474"}],"curies":[{"name":"wp","href":"https:\/\/api.w.org\/{rel}","templated":true}]}}