{"id":8477,"date":"2024-04-04T12:57:37","date_gmt":"2024-04-04T09:57:37","guid":{"rendered":"https:\/\/salpkids.com\/?product=koyu-kahverengi-ahsap-stant-sunumluk-organizer"},"modified":"2025-01-24T12:04:33","modified_gmt":"2025-01-24T09:04:33","slug":"koyu-kahverengi-ahsap-stant-sunumluk-organizer","status":"publish","type":"product","link":"https:\/\/salpkids.com\/?product=koyu-kahverengi-ahsap-stant-sunumluk-organizer","title":{"rendered":"Koyu Kahverengi Ah\u015fap Stant \/ Sunumluk \/ Organizer"},"content":{"rendered":"","protected":false},"excerpt":{"rendered":"<p>\u00d6l\u00e7\u00fc: 21&#215;11 cm<\/p>\n<p>Kahvalt\u0131 veya yemek masalar\u0131nda sunumluk olarak kullanabilirsiniz.<\/p>\n<p>Ya\u011fdanl\u0131k veya sabunluk altl\u0131\u011f\u0131 olarak kullanabilirsiniz.<\/p>\n","protected":false},"featured_media":8475,"comment_status":"open","ping_status":"closed","template":"","meta":[],"product_cat":[15,131,146,128,130],"product_tag":[],"_links":{"self":[{"href":"https:\/\/salpkids.com\/index.php?rest_route=\/wp\/v2\/product\/8477"}],"collection":[{"href":"https:\/\/salpkids.com\/index.php?rest_route=\/wp\/v2\/product"}],"about":[{"href":"https:\/\/salpkids.com\/index.php?rest_route=\/wp\/v2\/types\/product"}],"replies":[{"embeddable":true,"href":"https:\/\/salpkids.com\/index.php?rest_route=%2Fwp%2Fv2%2Fcomments&post=8477"}],"wp:featuredmedia":[{"embeddable":true,"href":"https:\/\/salpkids.com\/index.php?rest_route=\/wp\/v2\/media\/8475"}],"wp:attachment":[{"href":"https:\/\/salpkids.com\/index.php?rest_route=%2Fwp%2Fv2%2Fmedia&parent=8477"}],"wp:term":[{"taxonomy":"product_cat","embeddable":true,"href":"https:\/\/salpkids.com\/index.php?rest_route=%2Fwp%2Fv2%2Fproduct_cat&post=8477"},{"taxonomy":"product_tag","embeddable":true,"href":"https:\/\/salpkids.com\/index.php?rest_route=%2Fwp%2Fv2%2Fproduct_tag&post=8477"}],"curies":[{"name":"wp","href":"https:\/\/api.w.org\/{rel}","templated":true}]}}