{"id":8849,"date":"2024-06-03T18:31:07","date_gmt":"2024-06-03T15:31:07","guid":{"rendered":"https:\/\/salpkids.com\/?product=2li-hasir-patates-sogan-sepeti-2"},"modified":"2025-07-01T00:24:09","modified_gmt":"2025-06-30T21:24:09","slug":"2li-hasir-patates-sogan-sepeti-2","status":"publish","type":"product","link":"https:\/\/salpkids.com\/?product=2li-hasir-patates-sogan-sepeti-2","title":{"rendered":"2\u2019li Has\u0131r Patates So\u011fan Sepeti"},"content":{"rendered":"","protected":false},"excerpt":{"rendered":"<p>Do\u011fall\u0131\u011f\u0131n zarif dokunu\u015funu ya\u015fam alanlar\u0131n\u0131za ta\u015f\u0131yan bu \u015f\u0131k has\u0131r kapakl\u0131 sepetler, el i\u015f\u00e7ili\u011finin e\u015fsiz detaylar\u0131n\u0131 g\u00f6zler \u00f6n\u00fcne seriyor. \u00d6zenle \u00f6r\u00fclm\u00fc\u015f dokusu ve sade beyaz i\u00e7 koruma \u00f6rt\u00fcs\u00fcyle hem estetik hem de fonksiyonel bir tasar\u0131m sunuyor.<\/p>\n<p>\u0130\u00e7indeki y\u0131kanabilir kuma\u015f astar, hijyen ve kullan\u0131m kolayl\u0131\u011f\u0131 sa\u011flarken, bu sepetleri \u00e7ok y\u00f6nl\u00fc birer d\u00fczenleyiciye d\u00f6n\u00fc\u015ft\u00fcr\u00fcyor. \u0130ster banyo havlular\u0131n\u0131z\u0131 \u015f\u0131k bir \u015fekilde saklamak i\u00e7in, ister \u00e7ocuk odas\u0131nda oyuncaklar\u0131 toplamak i\u00e7in, isterseniz mutfakta ekmek ve kuru g\u0131dalar\u0131n\u0131z\u0131 d\u00fczenlemek i\u00e7in kullanabilirsiniz. Dekoratif ve do\u011fal bir dokunu\u015f isteyen herkes i\u00e7in m\u00fckemmel bir se\u00e7im!<\/p>\n<p>2 adet g\u00f6nderilmektedir.<\/p>\n<p>Sepet i\u00e7erisindeki koruma \u00f6rt\u00fcs\u00fc y\u0131kanabilir.<\/p>\n<p>Sert ve dayan\u0131kl\u0131 malzemeden \u00fcretilmi\u015ftir.<\/p>\n<p>\u00dcr\u00fcn \u00f6l\u00e7\u00fcleri:<\/p>\n<p>Kapak k\u0131sm\u0131: 26 cm<\/p>\n<p>Taban: 17 cm<\/p>\n<p>Boy: 25 cm<\/p>\n","protected":false},"featured_media":10535,"comment_status":"open","ping_status":"closed","template":"","meta":[],"product_cat":[15,127,130],"product_tag":[],"_links":{"self":[{"href":"https:\/\/salpkids.com\/index.php?rest_route=\/wp\/v2\/product\/8849"}],"collection":[{"href":"https:\/\/salpkids.com\/index.php?rest_route=\/wp\/v2\/product"}],"about":[{"href":"https:\/\/salpkids.com\/index.php?rest_route=\/wp\/v2\/types\/product"}],"replies":[{"embeddable":true,"href":"https:\/\/salpkids.com\/index.php?rest_route=%2Fwp%2Fv2%2Fcomments&post=8849"}],"wp:featuredmedia":[{"embeddable":true,"href":"https:\/\/salpkids.com\/index.php?rest_route=\/wp\/v2\/media\/10535"}],"wp:attachment":[{"href":"https:\/\/salpkids.com\/index.php?rest_route=%2Fwp%2Fv2%2Fmedia&parent=8849"}],"wp:term":[{"taxonomy":"product_cat","embeddable":true,"href":"https:\/\/salpkids.com\/index.php?rest_route=%2Fwp%2Fv2%2Fproduct_cat&post=8849"},{"taxonomy":"product_tag","embeddable":true,"href":"https:\/\/salpkids.com\/index.php?rest_route=%2Fwp%2Fv2%2Fproduct_tag&post=8849"}],"curies":[{"name":"wp","href":"https:\/\/api.w.org\/{rel}","templated":true}]}}