{"id":8980,"date":"2024-06-08T16:06:51","date_gmt":"2024-06-08T13:06:51","guid":{"rendered":"https:\/\/salpkids.com\/?product=yuvarlak-ahsap-organizer-sunumluk"},"modified":"2024-07-18T22:25:56","modified_gmt":"2024-07-18T19:25:56","slug":"yuvarlak-ahsap-organizer-sunumluk","status":"publish","type":"product","link":"https:\/\/salpkids.com\/?product=yuvarlak-ahsap-organizer-sunumluk","title":{"rendered":"Yuvarlak Ah\u015fap Organizer \/ Ayakl\u0131 Sunumluk"},"content":{"rendered":"","protected":false},"excerpt":{"rendered":"<p>\u00dcr\u00fcn \u00f6l\u00e7\u00fcs\u00fc:<\/p>\n<p>\u00c7ap: 25 cm<\/p>\n<p>Y\u00fckseklik: 6 cm<\/p>\n<p>Ah\u015fap kalitesi ve i\u015flevselli\u011fi ile evinizin her yerinde kullanabilece\u011finiz harika bir \u00fcr\u00fcn!<\/p>\n<p>\u00d6zellikle mutfakta tezgah \u00fcst\u00fcnde, kahve k\u00f6\u015felerinde kavanozlar\u0131n\u0131z\u0131, ya\u011fdanl\u0131klar\u0131n\u0131z\u0131 organize etmek i\u00e7in muhte\u015fem bir par\u00e7a!<\/p>\n<p>G\u0131da ile temas\u0131 uygundur, sunumluk olarak kullanabilirsiniz.<\/p>\n<p>Kesme tahtas\u0131 olarak kullanabilirsiniz.<\/p>\n","protected":false},"featured_media":8982,"comment_status":"open","ping_status":"closed","template":"","meta":[],"product_cat":[15,131,128,130],"product_tag":[],"_links":{"self":[{"href":"https:\/\/salpkids.com\/index.php?rest_route=\/wp\/v2\/product\/8980"}],"collection":[{"href":"https:\/\/salpkids.com\/index.php?rest_route=\/wp\/v2\/product"}],"about":[{"href":"https:\/\/salpkids.com\/index.php?rest_route=\/wp\/v2\/types\/product"}],"replies":[{"embeddable":true,"href":"https:\/\/salpkids.com\/index.php?rest_route=%2Fwp%2Fv2%2Fcomments&post=8980"}],"wp:featuredmedia":[{"embeddable":true,"href":"https:\/\/salpkids.com\/index.php?rest_route=\/wp\/v2\/media\/8982"}],"wp:attachment":[{"href":"https:\/\/salpkids.com\/index.php?rest_route=%2Fwp%2Fv2%2Fmedia&parent=8980"}],"wp:term":[{"taxonomy":"product_cat","embeddable":true,"href":"https:\/\/salpkids.com\/index.php?rest_route=%2Fwp%2Fv2%2Fproduct_cat&post=8980"},{"taxonomy":"product_tag","embeddable":true,"href":"https:\/\/salpkids.com\/index.php?rest_route=%2Fwp%2Fv2%2Fproduct_tag&post=8980"}],"curies":[{"name":"wp","href":"https:\/\/api.w.org\/{rel}","templated":true}]}}