{"id":9467,"date":"2024-09-28T16:08:45","date_gmt":"2024-09-28T13:08:45","guid":{"rendered":"https:\/\/salpkids.com\/?product=3lu-metal-sapli-akasya-servis-seti"},"modified":"2026-01-12T18:46:52","modified_gmt":"2026-01-12T15:46:52","slug":"3lu-metal-sapli-akasya-servis-seti","status":"publish","type":"product","link":"https:\/\/salpkids.com\/?product=3lu-metal-sapli-akasya-servis-seti","title":{"rendered":"3\u2019l\u00fc Metal Sapl\u0131 Akasya Servis Seti"},"content":{"rendered":"","protected":false},"excerpt":{"rendered":"<p>Do\u011fal akasya \u00fcr\u00fcnd\u00fcr.<\/p>\n<p>Kevgir<\/p>\n<p>Uzunluk: 32 cm \/ \u00c7ap: 9 cm<\/p>\n<p style=\"margin-top: 0px;margin-bottom: 1rem;font-family: poppins, sans-serif;font-size: 12px;font-style: normal;font-weight: 400;letter-spacing: normal;text-align: left;text-indent: 0px;text-transform: none;text-decoration: none\">Spatula<\/p>\n<p style=\"margin-top: 0px;margin-bottom: 1rem;font-family: poppins, sans-serif;font-size: 12px;font-style: normal;font-weight: 400;letter-spacing: normal;text-align: left;text-indent: 0px;text-transform: none;text-decoration: none\">Uzunluk: 32.2 cm \/ \u00c7ap: 9 cm<\/p>\n<p style=\"margin-top: 0px;margin-bottom: 1rem;font-family: poppins, sans-serif;font-size: 12px;font-style: normal;font-weight: 400;letter-spacing: normal;text-align: left;text-indent: 0px;text-transform: none;text-decoration: none\">Ka\u015f\u0131k<\/p>\n<p style=\"margin-top: 0px;margin-bottom: 1rem;font-family: poppins, sans-serif;font-size: 12px;font-style: normal;font-weight: 400;letter-spacing: normal;text-align: left;text-indent: 0px;text-transform: none;text-decoration: none\">Uzunluk: 32.2 cm \/ \u00c7ap: 7 cm<\/p>\n<p>Elde y\u0131kanmas\u0131 \u00f6nerilir.<\/p>\n","protected":false},"featured_media":10808,"comment_status":"open","ping_status":"closed","template":"","meta":[],"product_cat":[150,144,15,146],"product_tag":[],"_links":{"self":[{"href":"https:\/\/salpkids.com\/index.php?rest_route=\/wp\/v2\/product\/9467"}],"collection":[{"href":"https:\/\/salpkids.com\/index.php?rest_route=\/wp\/v2\/product"}],"about":[{"href":"https:\/\/salpkids.com\/index.php?rest_route=\/wp\/v2\/types\/product"}],"replies":[{"embeddable":true,"href":"https:\/\/salpkids.com\/index.php?rest_route=%2Fwp%2Fv2%2Fcomments&post=9467"}],"wp:featuredmedia":[{"embeddable":true,"href":"https:\/\/salpkids.com\/index.php?rest_route=\/wp\/v2\/media\/10808"}],"wp:attachment":[{"href":"https:\/\/salpkids.com\/index.php?rest_route=%2Fwp%2Fv2%2Fmedia&parent=9467"}],"wp:term":[{"taxonomy":"product_cat","embeddable":true,"href":"https:\/\/salpkids.com\/index.php?rest_route=%2Fwp%2Fv2%2Fproduct_cat&post=9467"},{"taxonomy":"product_tag","embeddable":true,"href":"https:\/\/salpkids.com\/index.php?rest_route=%2Fwp%2Fv2%2Fproduct_tag&post=9467"}],"curies":[{"name":"wp","href":"https:\/\/api.w.org\/{rel}","templated":true}]}}