{"id":9597,"date":"2024-10-07T13:40:23","date_gmt":"2024-10-07T10:40:23","guid":{"rendered":"https:\/\/salpkids.com\/?product=paslanmaz-celik-yagdanlik-1000-ml"},"modified":"2026-01-12T18:56:55","modified_gmt":"2026-01-12T15:56:55","slug":"paslanmaz-celik-yagdanlik-1000-ml","status":"publish","type":"product","link":"https:\/\/salpkids.com\/?product=paslanmaz-celik-yagdanlik-1000-ml","title":{"rendered":"Paslanmaz \u00c7elik Ya\u011fdanl\u0131k \/ 1000 ML"},"content":{"rendered":"","protected":false},"excerpt":{"rendered":"<p>Hacim: 1000 ml<\/p>\n<p>Materyal: Paslanmaz \u00c7elik<\/p>\n","protected":false},"featured_media":10525,"comment_status":"open","ping_status":"closed","template":"","meta":[],"product_cat":[150,15,137],"product_tag":[],"_links":{"self":[{"href":"https:\/\/salpkids.com\/index.php?rest_route=\/wp\/v2\/product\/9597"}],"collection":[{"href":"https:\/\/salpkids.com\/index.php?rest_route=\/wp\/v2\/product"}],"about":[{"href":"https:\/\/salpkids.com\/index.php?rest_route=\/wp\/v2\/types\/product"}],"replies":[{"embeddable":true,"href":"https:\/\/salpkids.com\/index.php?rest_route=%2Fwp%2Fv2%2Fcomments&post=9597"}],"wp:featuredmedia":[{"embeddable":true,"href":"https:\/\/salpkids.com\/index.php?rest_route=\/wp\/v2\/media\/10525"}],"wp:attachment":[{"href":"https:\/\/salpkids.com\/index.php?rest_route=%2Fwp%2Fv2%2Fmedia&parent=9597"}],"wp:term":[{"taxonomy":"product_cat","embeddable":true,"href":"https:\/\/salpkids.com\/index.php?rest_route=%2Fwp%2Fv2%2Fproduct_cat&post=9597"},{"taxonomy":"product_tag","embeddable":true,"href":"https:\/\/salpkids.com\/index.php?rest_route=%2Fwp%2Fv2%2Fproduct_tag&post=9597"}],"curies":[{"name":"wp","href":"https:\/\/api.w.org\/{rel}","templated":true}]}}