{"id":9649,"date":"2024-10-09T15:41:54","date_gmt":"2024-10-09T12:41:54","guid":{"rendered":"https:\/\/salpkids.com\/?product=5li-akasya-servis-seti"},"modified":"2025-12-19T08:50:44","modified_gmt":"2025-12-19T05:50:44","slug":"5li-akasya-servis-seti","status":"publish","type":"product","link":"https:\/\/salpkids.com\/?product=5li-akasya-servis-seti","title":{"rendered":"5\u2019li Akasya Servis Seti"},"content":{"rendered":"","protected":false},"excerpt":{"rendered":"<p style=\"margin: 0px 0px 10px;font-family: Poppins;font-size: 14px;font-style: normal;font-weight: 500;letter-spacing: normal;text-align: start;text-indent: 0px;text-transform: none;text-decoration: none\">Do\u011fal akasya \u00fcr\u00fcnd\u00fcr.<\/p>\n<p style=\"margin: 0px 0px 10px;font-family: Poppins;font-size: 14px;font-style: normal;font-weight: 500;letter-spacing: normal;text-align: start;text-indent: 0px;text-transform: none;text-decoration: none\">Kevgir<\/p>\n<p style=\"margin: 0px 0px 10px;font-family: Poppins;font-size: 14px;font-style: normal;font-weight: 500;letter-spacing: normal;text-align: start;text-indent: 0px;text-transform: none;text-decoration: none\">Uzunluk: 32 cm \/ \u00c7ap: 9 cm<\/p>\n<p style=\"margin: 0px 0px 1rem;font-style: normal;letter-spacing: normal;text-indent: 0px;text-transform: none;text-decoration: none;font-family: poppins, sans-serif;font-size: 12px;font-weight: 400;text-align: left\">Spatula<\/p>\n<p style=\"margin: 0px 0px 1rem;font-style: normal;letter-spacing: normal;text-indent: 0px;text-transform: none;text-decoration: none;font-family: poppins, sans-serif;font-size: 12px;font-weight: 400;text-align: left\">Uzunluk: 32.2 cm \/ \u00c7ap: 9 cm<\/p>\n<p style=\"margin: 0px 0px 1rem;font-style: normal;letter-spacing: normal;text-indent: 0px;text-transform: none;text-decoration: none;font-family: poppins, sans-serif;font-size: 12px;font-weight: 400;text-align: left\">Ka\u015f\u0131k<\/p>\n<p style=\"margin: 0px 0px 1rem;font-style: normal;letter-spacing: normal;text-indent: 0px;text-transform: none;text-decoration: none;font-family: poppins, sans-serif;font-size: 12px;font-weight: 400;text-align: left\">Uzunluk: 32.2 cm \/ \u00c7ap: 7 cm<\/p>\n<p>2 k\u00fc\u00e7\u00fck ka\u015f\u0131k \u00f6l\u00e7\u00fcleri;<\/p>\n<p style=\"margin: 0px 0px 10px;font-family: Poppins;font-size: 14px;font-style: normal;font-weight: 500;letter-spacing: normal;text-align: start;text-indent: 0px;text-transform: none;text-decoration: none\">Uzunluk: 27.5 cm<\/p>\n<p style=\"margin: 0px 0px 10px;font-family: Poppins;font-size: 14px;font-style: normal;font-weight: 500;letter-spacing: normal;text-align: start;text-indent: 0px;text-transform: none;text-decoration: none\">Ka\u015f\u0131k \u00e7ap\u0131: 7.2 cm<\/p>\n<p style=\"margin: 0px;font-family: Poppins;font-size: 14px;font-style: normal;font-weight: 500;letter-spacing: normal;text-align: start;text-indent: 0px;text-transform: none;text-decoration: none\">Elde y\u0131kanmas\u0131 \u00f6nerilir.<\/p>\n","protected":false},"featured_media":9647,"comment_status":"open","ping_status":"closed","template":"","meta":[],"product_cat":[144,15,131,146],"product_tag":[],"_links":{"self":[{"href":"https:\/\/salpkids.com\/index.php?rest_route=\/wp\/v2\/product\/9649"}],"collection":[{"href":"https:\/\/salpkids.com\/index.php?rest_route=\/wp\/v2\/product"}],"about":[{"href":"https:\/\/salpkids.com\/index.php?rest_route=\/wp\/v2\/types\/product"}],"replies":[{"embeddable":true,"href":"https:\/\/salpkids.com\/index.php?rest_route=%2Fwp%2Fv2%2Fcomments&post=9649"}],"wp:featuredmedia":[{"embeddable":true,"href":"https:\/\/salpkids.com\/index.php?rest_route=\/wp\/v2\/media\/9647"}],"wp:attachment":[{"href":"https:\/\/salpkids.com\/index.php?rest_route=%2Fwp%2Fv2%2Fmedia&parent=9649"}],"wp:term":[{"taxonomy":"product_cat","embeddable":true,"href":"https:\/\/salpkids.com\/index.php?rest_route=%2Fwp%2Fv2%2Fproduct_cat&post=9649"},{"taxonomy":"product_tag","embeddable":true,"href":"https:\/\/salpkids.com\/index.php?rest_route=%2Fwp%2Fv2%2Fproduct_tag&post=9649"}],"curies":[{"name":"wp","href":"https:\/\/api.w.org\/{rel}","templated":true}]}}