{"id":9807,"date":"2024-10-22T11:18:50","date_gmt":"2024-10-22T08:18:50","guid":{"rendered":"https:\/\/salpkids.com\/?product=ahsap-halka-firca"},"modified":"2025-06-30T17:54:29","modified_gmt":"2025-06-30T14:54:29","slug":"ahsap-halka-firca","status":"publish","type":"product","link":"https:\/\/salpkids.com\/?product=ahsap-halka-firca","title":{"rendered":"Ah\u015fap Halka F\u0131r\u00e7a"},"content":{"rendered":"","protected":false},"excerpt":{"rendered":"<p style=\"margin: 0px 0px 10px;font-family: Poppins;font-size: 14px;font-style: normal;font-weight: 500;letter-spacing: normal;text-align: start;text-indent: 0px;text-transform: none;text-decoration: none\"><span style=\"font-family: Poppins;font-size: 14px;font-style: normal;font-weight: 500;letter-spacing: normal;text-align: start;text-indent: 0px;text-transform: none;text-decoration: none;float: none\">F\u0131r\u00e7a tampiko otundan \u00fcretilmi\u015ftir. Hem dekoratif hem<\/span><span style=\"font-family: Poppins;font-size: 14px;font-style: normal;font-weight: 500;letter-spacing: normal;text-align: start;text-indent: 0px;text-transform: none;text-decoration: none;float: none\"><span class=\"Apple-converted-space\">&nbsp;<\/span><\/span>meyve<span style=\"font-family: Poppins;font-size: 14px;font-style: normal;font-weight: 500;letter-spacing: normal;text-align: start;text-indent: 0px;text-transform: none;text-decoration: none;float: none\">\/<\/span>se<span style=\"font-family: Poppins;font-size: 14px;font-style: normal;font-weight: 500;letter-spacing: normal;text-align: start;text-indent: 0px;text-transform: none;text-decoration: none;float: none\">bze temizlemek i\u00e7in<\/span><span style=\"font-family: Poppins;font-size: 14px;font-style: normal;font-weight: 500;letter-spacing: normal;text-align: start;text-indent: 0px;text-transform: none;text-decoration: none;float: none\"><span class=\"Apple-converted-space\">&nbsp;<\/span><\/span>kullanabilirsiniz.<\/p>\n<p style=\"margin: 0px;font-family: Poppins;font-size: 14px;font-style: normal;font-weight: 500;letter-spacing: normal;text-align: start;text-indent: 0px;text-transform: none;text-decoration: none\">1 adet g\u00f6nderilmektedir.<\/p>\n","protected":false},"featured_media":10582,"comment_status":"open","ping_status":"closed","template":"","meta":[],"product_cat":[15,131],"product_tag":[],"_links":{"self":[{"href":"https:\/\/salpkids.com\/index.php?rest_route=\/wp\/v2\/product\/9807"}],"collection":[{"href":"https:\/\/salpkids.com\/index.php?rest_route=\/wp\/v2\/product"}],"about":[{"href":"https:\/\/salpkids.com\/index.php?rest_route=\/wp\/v2\/types\/product"}],"replies":[{"embeddable":true,"href":"https:\/\/salpkids.com\/index.php?rest_route=%2Fwp%2Fv2%2Fcomments&post=9807"}],"wp:featuredmedia":[{"embeddable":true,"href":"https:\/\/salpkids.com\/index.php?rest_route=\/wp\/v2\/media\/10582"}],"wp:attachment":[{"href":"https:\/\/salpkids.com\/index.php?rest_route=%2Fwp%2Fv2%2Fmedia&parent=9807"}],"wp:term":[{"taxonomy":"product_cat","embeddable":true,"href":"https:\/\/salpkids.com\/index.php?rest_route=%2Fwp%2Fv2%2Fproduct_cat&post=9807"},{"taxonomy":"product_tag","embeddable":true,"href":"https:\/\/salpkids.com\/index.php?rest_route=%2Fwp%2Fv2%2Fproduct_tag&post=9807"}],"curies":[{"name":"wp","href":"https:\/\/api.w.org\/{rel}","templated":true}]}}