{"id":9883,"date":"2024-10-31T10:31:09","date_gmt":"2024-10-31T07:31:09","guid":{"rendered":"https:\/\/salpkids.com\/?product=akasya-havan"},"modified":"2025-03-12T15:52:02","modified_gmt":"2025-03-12T12:52:02","slug":"akasya-havan","status":"publish","type":"product","link":"https:\/\/salpkids.com\/?product=akasya-havan","title":{"rendered":"Akasya Curve Havan"},"content":{"rendered":"","protected":false},"excerpt":{"rendered":"<p>Geleneksel zanaat ruhunu modern bir estetikle bulu\u015fturan bu par\u00e7a, mutfa\u011f\u0131n\u0131za sade ama \u015f\u0131k bir dokunu\u015f katmak i\u00e7in idealdir. Her bir oyu\u011funda ustal\u0131kla i\u015flenmi\u015f detaylar\u0131, do\u011fan\u0131n sakinli\u011fini ve topra\u011f\u0131n s\u0131cakl\u0131\u011f\u0131n\u0131 hissettirir. Baharatlar\u0131 ezip kokular\u0131n\u0131 serbest b\u0131rak\u0131rken hem g\u00f6rsel hem de i\u015flevsel olarak mutfak deneyiminize katk\u0131 sa\u011flar. \u00d6zg\u00fcn dokusuyla, mutfakta ge\u00e7irdi\u011finiz her ana do\u011fal ve dingin bir atmosfer ekler.<\/p>\n<p>Do\u011fal akasya \u00fcr\u00fcnd\u00fcr.<\/p>\n<p>\u00dcr\u00fcn \u00f6l\u00e7\u00fcleri:<\/p>\n<p>\u00c7ap: 11 cm<\/p>\n<p>Boy: 6 cm<\/p>\n","protected":false},"featured_media":10533,"comment_status":"open","ping_status":"closed","template":"","meta":[],"product_cat":[144,15,131,146,128],"product_tag":[],"_links":{"self":[{"href":"https:\/\/salpkids.com\/index.php?rest_route=\/wp\/v2\/product\/9883"}],"collection":[{"href":"https:\/\/salpkids.com\/index.php?rest_route=\/wp\/v2\/product"}],"about":[{"href":"https:\/\/salpkids.com\/index.php?rest_route=\/wp\/v2\/types\/product"}],"replies":[{"embeddable":true,"href":"https:\/\/salpkids.com\/index.php?rest_route=%2Fwp%2Fv2%2Fcomments&post=9883"}],"wp:featuredmedia":[{"embeddable":true,"href":"https:\/\/salpkids.com\/index.php?rest_route=\/wp\/v2\/media\/10533"}],"wp:attachment":[{"href":"https:\/\/salpkids.com\/index.php?rest_route=%2Fwp%2Fv2%2Fmedia&parent=9883"}],"wp:term":[{"taxonomy":"product_cat","embeddable":true,"href":"https:\/\/salpkids.com\/index.php?rest_route=%2Fwp%2Fv2%2Fproduct_cat&post=9883"},{"taxonomy":"product_tag","embeddable":true,"href":"https:\/\/salpkids.com\/index.php?rest_route=%2Fwp%2Fv2%2Fproduct_tag&post=9883"}],"curies":[{"name":"wp","href":"https:\/\/api.w.org\/{rel}","templated":true}]}}