{"id":9974,"date":"2024-12-04T16:26:31","date_gmt":"2024-12-04T13:26:31","guid":{"rendered":"https:\/\/salpkids.com\/?product=hasir-kare-pecetelik-2"},"modified":"2025-04-08T13:26:14","modified_gmt":"2025-04-08T10:26:14","slug":"hasir-kare-pecetelik-2","status":"publish","type":"product","link":"https:\/\/salpkids.com\/?product=hasir-kare-pecetelik-2","title":{"rendered":"Has\u0131r Kare Pe\u00e7etelik"},"content":{"rendered":"","protected":false},"excerpt":{"rendered":"<p>Bu zarif pe\u00e7etelik, do\u011fal dokusuyla sadeli\u011fi ve \u015f\u0131kl\u0131\u011f\u0131 bir araya getiriyor. \u00d6zenle \u00f6r\u00fclm\u00fc\u015f, s\u0131cak ve samimi bir atmosfer yaratan tasar\u0131m\u0131yla her masaya ayr\u0131 bir karakter kat\u0131yor.<\/p>\n<p>Do\u011fal malzemenin verdi\u011fi huzur hissini ta\u015f\u0131rken, pratik kullan\u0131m\u0131yla g\u00fcnl\u00fck hayat\u0131n vazge\u00e7ilmez bir par\u00e7as\u0131 olmaya aday. Estetik anlay\u0131\u015f\u0131n\u0131z\u0131 zarif bir dokunu\u015fla tamamlayacak bu pe\u00e7etelik, misafirlerinize de hayranl\u0131k uyand\u0131racak bir detay sunuyor.<\/p>\n<p>Malzeme: Has\u0131r<\/p>\n<p>\u00dcr\u00fcn \u00f6l\u00e7\u00fcleri: 18x18x6 cm<\/p>\n","protected":false},"featured_media":10479,"comment_status":"open","ping_status":"closed","template":"","meta":[],"product_cat":[15,127,130],"product_tag":[],"_links":{"self":[{"href":"https:\/\/salpkids.com\/index.php?rest_route=\/wp\/v2\/product\/9974"}],"collection":[{"href":"https:\/\/salpkids.com\/index.php?rest_route=\/wp\/v2\/product"}],"about":[{"href":"https:\/\/salpkids.com\/index.php?rest_route=\/wp\/v2\/types\/product"}],"replies":[{"embeddable":true,"href":"https:\/\/salpkids.com\/index.php?rest_route=%2Fwp%2Fv2%2Fcomments&post=9974"}],"wp:featuredmedia":[{"embeddable":true,"href":"https:\/\/salpkids.com\/index.php?rest_route=\/wp\/v2\/media\/10479"}],"wp:attachment":[{"href":"https:\/\/salpkids.com\/index.php?rest_route=%2Fwp%2Fv2%2Fmedia&parent=9974"}],"wp:term":[{"taxonomy":"product_cat","embeddable":true,"href":"https:\/\/salpkids.com\/index.php?rest_route=%2Fwp%2Fv2%2Fproduct_cat&post=9974"},{"taxonomy":"product_tag","embeddable":true,"href":"https:\/\/salpkids.com\/index.php?rest_route=%2Fwp%2Fv2%2Fproduct_tag&post=9974"}],"curies":[{"name":"wp","href":"https:\/\/api.w.org\/{rel}","templated":true}]}}