{"id":9980,"date":"2024-12-04T16:43:51","date_gmt":"2024-12-04T13:43:51","guid":{"rendered":"https:\/\/salpkids.com\/?product=cok-amacli-hasi-sepet-ekmek-sepeti"},"modified":"2025-03-11T15:50:28","modified_gmt":"2025-03-11T12:50:28","slug":"cok-amacli-hasi-sepet-ekmek-sepeti","status":"publish","type":"product","link":"https:\/\/salpkids.com\/?product=cok-amacli-hasi-sepet-ekmek-sepeti","title":{"rendered":"\u00c7ok Ama\u00e7l\u0131 Has\u0131r Sepet \/ Ekmek Sepeti"},"content":{"rendered":"","protected":false},"excerpt":{"rendered":"<p>Do\u011fan\u0131n sadeli\u011fini ve el i\u015f\u00e7ili\u011finin zarafetini bulu\u015fturan bu \u00e7ok ama\u00e7l\u0131 sepet, hem estetik hem de i\u015flevsellik arayanlar i\u00e7in ideal bir se\u00e7enek.<\/p>\n<p>\u00d6zenle \u00f6r\u00fclm\u00fc\u015f do\u011fal liflerden olu\u015fan yap\u0131s\u0131, ya\u015fam alanlar\u0131n\u0131za s\u0131cakl\u0131k katarken, geni\u015f i\u00e7 hacmi ile kullan\u0131mda pratiklik sunar.<\/p>\n<p>Tutma kulplar\u0131 sayesinde ta\u015f\u0131mas\u0131 kolay olan bu sepet, mutfaktan banyoya, oturma odas\u0131ndan yatak odas\u0131na kadar her alanda stilinizi tamamlar.<\/p>\n<p>Dekoratif detaylar\u0131yla hem i\u015flevsel bir yard\u0131mc\u0131 hem de g\u00f6rsel bir \u015f\u00f6len sunan bu sepet, her evin vazge\u00e7ilmez bir par\u00e7as\u0131 olmaya aday!<\/p>\n<p>\u00dcr\u00fcn \u00f6l\u00e7\u00fcs\u00fc: 30x22x10.5 cm<\/p>\n","protected":false},"featured_media":10456,"comment_status":"open","ping_status":"closed","template":"","meta":[],"product_cat":[15,127,130],"product_tag":[],"_links":{"self":[{"href":"https:\/\/salpkids.com\/index.php?rest_route=\/wp\/v2\/product\/9980"}],"collection":[{"href":"https:\/\/salpkids.com\/index.php?rest_route=\/wp\/v2\/product"}],"about":[{"href":"https:\/\/salpkids.com\/index.php?rest_route=\/wp\/v2\/types\/product"}],"replies":[{"embeddable":true,"href":"https:\/\/salpkids.com\/index.php?rest_route=%2Fwp%2Fv2%2Fcomments&post=9980"}],"wp:featuredmedia":[{"embeddable":true,"href":"https:\/\/salpkids.com\/index.php?rest_route=\/wp\/v2\/media\/10456"}],"wp:attachment":[{"href":"https:\/\/salpkids.com\/index.php?rest_route=%2Fwp%2Fv2%2Fmedia&parent=9980"}],"wp:term":[{"taxonomy":"product_cat","embeddable":true,"href":"https:\/\/salpkids.com\/index.php?rest_route=%2Fwp%2Fv2%2Fproduct_cat&post=9980"},{"taxonomy":"product_tag","embeddable":true,"href":"https:\/\/salpkids.com\/index.php?rest_route=%2Fwp%2Fv2%2Fproduct_tag&post=9980"}],"curies":[{"name":"wp","href":"https:\/\/api.w.org\/{rel}","templated":true}]}}